{"id":162170,"date":"2022-09-28T18:00:06","date_gmt":"2022-09-28T18:00:06","guid":{"rendered":"http:\/\/climalife.com\/product\/r-404a\/"},"modified":"2024-12-20T11:38:29","modified_gmt":"2024-12-20T11:38:29","slug":"r-404a","status":"publish","type":"product","link":"https:\/\/climalife.com\/de\/product\/r-404a\/","title":{"rendered":"R-404A"},"content":{"rendered":"<p>Es wird vorzugsweise bei der Realisierung von Neuanlagen wie etwa K\u00fchlanlagen in Superm\u00e4rkten, K\u00fchlh\u00e4usern, Lebensmitteltieffrieranlagen und K\u00fchlm\u00f6beln f\u00fcr Tiefk\u00fchlkost sowie Tiefk\u00fchllastwagen eingesetzt.<\/p>\n<p>Dieses K\u00e4ltemittel kann bei Einhaltung einer bestimmten Verfahrensweise in vorhandenen Anlagen an Stelle von R-502 verwendet werden<\/p>\n","protected":false},"excerpt":{"rendered":"<p>R-404A ist ein &#8220;quasiazeotropisches&#8221; Ersatzgemisch vom Typ\u00a0 H-FKW, das f\u00fcr die g\u00e4ngigen Anwendungen\u00a0in der gewerblichen und industriellen K\u00e4ltetechnik sowie f\u00fcr den Tiefk\u00fchltransport entwickelt wurde.<\/p>\n","protected":false},"featured_media":108603,"comment_status":"open","ping_status":"closed","template":"","meta":[],"countries":[4674,4709,4756,4813,4831,4862],"product_brand":[],"product_cat":[9974,9956,9965,9445,13126,9938,9983,9992],"product_tag":[],"class_list":{"0":"post-162170","1":"product","2":"type-product","3":"status-publish","4":"has-post-thumbnail","6":"countries-by","7":"countries-cu","8":"countries-ir","9":"countries-kp","10":"countries-ru","11":"countries-sy","12":"product_cat-automobil-transport","13":"product_cat-energie","14":"product_cat-gesundheit-wellness","15":"product_cat-h-fkw-de-33","16":"product_cat-kaeltetechnik","17":"product_cat-lebensmittel","18":"product_cat-luftfahrt-raumfahrt-ruestung","19":"product_cat-weitere-industrie","20":"pa_packaging-container-448-l-de-74","21":"pa_packaging-container-930-l-de-76","22":"pa_packaging-cubikool","23":"pa_packaging-flasche-52-l-de-72","24":"pa_packaging-friostar-de-69","26":"first","27":"instock","28":"shipping-taxable","29":"purchasable","30":"product-type-variable"},"_links":{"self":[{"href":"https:\/\/climalife.com\/de\/wp-json\/wp\/v2\/product\/162170","targetHints":{"allow":["GET"]}}],"collection":[{"href":"https:\/\/climalife.com\/de\/wp-json\/wp\/v2\/product"}],"about":[{"href":"https:\/\/climalife.com\/de\/wp-json\/wp\/v2\/types\/product"}],"replies":[{"embeddable":true,"href":"https:\/\/climalife.com\/de\/wp-json\/wp\/v2\/comments?post=162170"}],"wp:featuredmedia":[{"embeddable":true,"href":"https:\/\/climalife.com\/de\/wp-json\/wp\/v2\/media\/108603"}],"wp:attachment":[{"href":"https:\/\/climalife.com\/de\/wp-json\/wp\/v2\/media?parent=162170"}],"wp:term":[{"taxonomy":"countries","embeddable":true,"href":"https:\/\/climalife.com\/de\/wp-json\/wp\/v2\/countries?post=162170"},{"taxonomy":"product_brand","embeddable":true,"href":"https:\/\/climalife.com\/de\/wp-json\/wp\/v2\/product_brand?post=162170"},{"taxonomy":"product_cat","embeddable":true,"href":"https:\/\/climalife.com\/de\/wp-json\/wp\/v2\/product_cat?post=162170"},{"taxonomy":"product_tag","embeddable":true,"href":"https:\/\/climalife.com\/de\/wp-json\/wp\/v2\/product_tag?post=162170"}],"curies":[{"name":"wp","href":"https:\/\/api.w.org\/{rel}","templated":true}]}}