{"id":162189,"date":"2022-09-28T18:00:23","date_gmt":"2022-09-28T18:00:23","guid":{"rendered":"http:\/\/climalife.com\/product\/reinigungsmittel-nettoyant-n\/"},"modified":"2024-01-25T13:52:19","modified_gmt":"2024-01-25T13:52:19","slug":"reinigungsmittel-nettoyant-n","status":"publish","type":"product","link":"https:\/\/climalife.com\/de\/product\/reinigungsmittel-nettoyant-n\/","title":{"rendered":"Reinigungsmittel Nettoyant N"},"content":{"rendered":"<p>Auf Bestellung hergestellt. Nachsp\u00fclung mit Wasser erforderlich. Sofort einsatzbereit.<\/p>\n","protected":false},"excerpt":{"rendered":"<p>Zur Reinigung der K\u00e4ltemittelkreisl\u00e4ufe vor einer sp\u00e4teren\u00a0Bef\u00fcllung mit\u00a0einem K\u00e4ltetr\u00e4ger.<br \/>\nReinigt Kreisl\u00e4ufe nach Verschmutzungen oder nicht verkrusteten Verunreinigungen oder K\u00e4ltemittelkreisl\u00e4ufe im Hinblick auf eine Umstellung auf K\u00e4ltetr\u00e4ger.<\/p>\n","protected":false},"featured_media":107514,"comment_status":"open","ping_status":"closed","template":"","meta":[],"countries":[4674,4709,4756,4813,4831,4862],"product_brand":[],"product_cat":[9983,9947,9956,9938,9965,9992,13057,13092,13126,13135,9355],"product_tag":[],"class_list":{"0":"post-162189","1":"product","2":"type-product","3":"status-publish","4":"has-post-thumbnail","6":"countries-by","7":"countries-cu","8":"countries-ir","9":"countries-kp","10":"countries-ru","11":"countries-sy","12":"product_cat-luftfahrt-raumfahrt-ruestung","13":"product_cat-gebaeude","14":"product_cat-energie","15":"product_cat-lebensmittel","16":"product_cat-gesundheit-wellness","17":"product_cat-weitere-industrie","18":"product_cat-klimatechnik","19":"product_cat-heizung","20":"product_cat-kaeltetechnik","21":"product_cat-erneuerbare-energie","22":"product_cat-reinigung-der-kaelte-waermetraeger-kreislaeufe","23":"pa_packaging-200-l-fass-de-39","25":"first","26":"instock","27":"shipping-taxable","28":"purchasable","29":"product-type-variable"},"_links":{"self":[{"href":"https:\/\/climalife.com\/de\/wp-json\/wp\/v2\/product\/162189","targetHints":{"allow":["GET"]}}],"collection":[{"href":"https:\/\/climalife.com\/de\/wp-json\/wp\/v2\/product"}],"about":[{"href":"https:\/\/climalife.com\/de\/wp-json\/wp\/v2\/types\/product"}],"replies":[{"embeddable":true,"href":"https:\/\/climalife.com\/de\/wp-json\/wp\/v2\/comments?post=162189"}],"wp:featuredmedia":[{"embeddable":true,"href":"https:\/\/climalife.com\/de\/wp-json\/wp\/v2\/media\/107514"}],"wp:attachment":[{"href":"https:\/\/climalife.com\/de\/wp-json\/wp\/v2\/media?parent=162189"}],"wp:term":[{"taxonomy":"countries","embeddable":true,"href":"https:\/\/climalife.com\/de\/wp-json\/wp\/v2\/countries?post=162189"},{"taxonomy":"product_brand","embeddable":true,"href":"https:\/\/climalife.com\/de\/wp-json\/wp\/v2\/product_brand?post=162189"},{"taxonomy":"product_cat","embeddable":true,"href":"https:\/\/climalife.com\/de\/wp-json\/wp\/v2\/product_cat?post=162189"},{"taxonomy":"product_tag","embeddable":true,"href":"https:\/\/climalife.com\/de\/wp-json\/wp\/v2\/product_tag?post=162189"}],"curies":[{"name":"wp","href":"https:\/\/api.w.org\/{rel}","templated":true}]}}