{"id":162253,"date":"2022-09-28T18:01:07","date_gmt":"2022-09-28T18:01:07","guid":{"rendered":"http:\/\/climalife.com\/product\/r-513a\/"},"modified":"2025-11-03T13:34:50","modified_gmt":"2025-11-03T13:34:50","slug":"r-513a","status":"publish","type":"product","link":"https:\/\/climalife.com\/de\/product\/r-513a\/","title":{"rendered":"R-513A"},"content":{"rendered":"<p>Es ist als Ersatz f\u00fcr R-134a in der Haushalts-, Gewerbe- und Industriek\u00e4lte sowie in Klimaanlagen, Kaltwassers\u00e4tzen und W\u00e4rmepumpen bestimmt. Es kann in Direktverdampfer- und \u00dcberflutungssystemen (Flood) verwendet werden.<\/p>\n","protected":false},"excerpt":{"rendered":"<p>R-513A ist ein azeotropes Gemisch aus der Familie der HFC\/HFO-Gemische.<\/p>\n","protected":false},"featured_media":120735,"comment_status":"open","ping_status":"closed","template":"","meta":[],"countries":[4674,4709,4756,4813,4831,4862],"product_brand":[],"product_cat":[9983,9947,9956,9938,9965,9992,13057,13092,13126,9605],"product_tag":[],"class_list":{"0":"post-162253","1":"product","2":"type-product","3":"status-publish","4":"has-post-thumbnail","6":"countries-by","7":"countries-cu","8":"countries-ir","9":"countries-kp","10":"countries-ru","11":"countries-sy","12":"product_cat-luftfahrt-raumfahrt-ruestung","13":"product_cat-gebaeude","14":"product_cat-energie","15":"product_cat-lebensmittel","16":"product_cat-gesundheit-wellness","17":"product_cat-weitere-industrie","18":"product_cat-klimatechnik","19":"product_cat-heizung","20":"product_cat-kaeltetechnik","21":"product_cat-fkw-hfo-gemische","22":"pa_packaging-container-448-l-de-74","23":"pa_packaging-container-930-l-de-76","24":"pa_packaging-cubikool","25":"pa_packaging-flasche-52-l-de-72","27":"first","28":"instock","29":"shipping-taxable","30":"purchasable","31":"product-type-variable"},"_links":{"self":[{"href":"https:\/\/climalife.com\/de\/wp-json\/wp\/v2\/product\/162253","targetHints":{"allow":["GET"]}}],"collection":[{"href":"https:\/\/climalife.com\/de\/wp-json\/wp\/v2\/product"}],"about":[{"href":"https:\/\/climalife.com\/de\/wp-json\/wp\/v2\/types\/product"}],"replies":[{"embeddable":true,"href":"https:\/\/climalife.com\/de\/wp-json\/wp\/v2\/comments?post=162253"}],"wp:featuredmedia":[{"embeddable":true,"href":"https:\/\/climalife.com\/de\/wp-json\/wp\/v2\/media\/120735"}],"wp:attachment":[{"href":"https:\/\/climalife.com\/de\/wp-json\/wp\/v2\/media?parent=162253"}],"wp:term":[{"taxonomy":"countries","embeddable":true,"href":"https:\/\/climalife.com\/de\/wp-json\/wp\/v2\/countries?post=162253"},{"taxonomy":"product_brand","embeddable":true,"href":"https:\/\/climalife.com\/de\/wp-json\/wp\/v2\/product_brand?post=162253"},{"taxonomy":"product_cat","embeddable":true,"href":"https:\/\/climalife.com\/de\/wp-json\/wp\/v2\/product_cat?post=162253"},{"taxonomy":"product_tag","embeddable":true,"href":"https:\/\/climalife.com\/de\/wp-json\/wp\/v2\/product_tag?post=162253"}],"curies":[{"name":"wp","href":"https:\/\/api.w.org\/{rel}","templated":true}]}}