{"id":162265,"date":"2022-09-28T18:01:17","date_gmt":"2022-09-28T18:01:17","guid":{"rendered":"http:\/\/climalife.com\/product\/mgs-150\/"},"modified":"2026-01-29T13:46:14","modified_gmt":"2026-01-29T13:46:14","slug":"mgs-150","status":"publish","type":"product","link":"https:\/\/climalife.com\/de\/product\/mgs-150\/","title":{"rendered":"MGS 150"},"content":{"rendered":"<p>Diese fest installierten Lecksucher erleichtern und gew\u00e4hrleisten die Einhaltung der Sicherheitsvorschriften f\u00fcr Maschinenr\u00e4ume und K\u00fchlr\u00e4ume. Ihre einfache Bedienung bietet zudem Zeit- und Kostenersparnis bei Maschinen und Anlagen.<\/p>\n<p>Climalife bietet die Verf\u00fcgbarkeit von Ersatzsensoren und Kalibrierungssets f\u00fcr die MGS 150-Serie an.<\/p>\n<p>&nbsp;<\/p>\n","protected":false},"excerpt":{"rendered":"<p>Die MGS 150 Gaswarnger\u00e4te werden nun durch eine neue Produktreihe ersetzt: die\u00a0MGS 400 Serie und MGS 550 Serie.<\/p>\n","protected":false},"featured_media":117450,"comment_status":"open","ping_status":"closed","template":"","meta":[],"countries":[4674,4709,4756,4760,4813,4831,4862],"product_brand":[],"product_cat":[9270],"product_tag":[],"class_list":{"0":"post-162265","1":"product","2":"type-product","3":"status-publish","4":"has-post-thumbnail","6":"countries-by","7":"countries-cu","8":"countries-ir","9":"countries-it","10":"countries-kp","11":"countries-ru","12":"countries-sy","13":"product_cat-gaswarngeraete","14":"pa_packaging-einheit-de-25","16":"first","17":"instock","18":"shipping-taxable","19":"purchasable","20":"product-type-simple"},"_links":{"self":[{"href":"https:\/\/climalife.com\/de\/wp-json\/wp\/v2\/product\/162265","targetHints":{"allow":["GET"]}}],"collection":[{"href":"https:\/\/climalife.com\/de\/wp-json\/wp\/v2\/product"}],"about":[{"href":"https:\/\/climalife.com\/de\/wp-json\/wp\/v2\/types\/product"}],"replies":[{"embeddable":true,"href":"https:\/\/climalife.com\/de\/wp-json\/wp\/v2\/comments?post=162265"}],"wp:featuredmedia":[{"embeddable":true,"href":"https:\/\/climalife.com\/de\/wp-json\/wp\/v2\/media\/117450"}],"wp:attachment":[{"href":"https:\/\/climalife.com\/de\/wp-json\/wp\/v2\/media?parent=162265"}],"wp:term":[{"taxonomy":"countries","embeddable":true,"href":"https:\/\/climalife.com\/de\/wp-json\/wp\/v2\/countries?post=162265"},{"taxonomy":"product_brand","embeddable":true,"href":"https:\/\/climalife.com\/de\/wp-json\/wp\/v2\/product_brand?post=162265"},{"taxonomy":"product_cat","embeddable":true,"href":"https:\/\/climalife.com\/de\/wp-json\/wp\/v2\/product_cat?post=162265"},{"taxonomy":"product_tag","embeddable":true,"href":"https:\/\/climalife.com\/de\/wp-json\/wp\/v2\/product_tag?post=162265"}],"curies":[{"name":"wp","href":"https:\/\/api.w.org\/{rel}","templated":true}]}}