{"id":162306,"date":"2022-09-28T18:01:58","date_gmt":"2022-09-28T18:01:58","guid":{"rendered":"http:\/\/climalife.com\/product\/solufluid\/"},"modified":"2025-07-22T12:34:54","modified_gmt":"2025-07-22T12:34:54","slug":"solufluid","status":"publish","type":"product","link":"https:\/\/climalife.com\/de\/product\/solufluid\/","title":{"rendered":"Solufluid\u00ae"},"content":{"rendered":"<p>Geeignet f\u00fcr Bodenheizungen\/-k\u00fchlungen mit Leitungen aus vernetztem Polyethylen (PER), f\u00fcr Heiz- und K\u00fchlsysteme sowie f\u00fcr Brandl\u00f6schleitungen.<\/p>\n","protected":false},"excerpt":{"rendered":"<p>SOLUFLUID<sup>\u00ae<\/sup> ist ein GEBRAUCHSFERTIGER W\u00e4rmetr\u00e4ger auf Basis von MONOPROPYLENGLYKOL und Korrosionsinhibitoren.<\/p>\n","protected":false},"featured_media":197745,"comment_status":"open","ping_status":"closed","template":"","meta":[],"countries":[4674,4709,4756,4813,4831,4862],"product_brand":[],"product_cat":[9947,9965,13092,13057,13534,9992],"product_tag":[],"class_list":{"0":"post-162306","1":"product","2":"type-product","3":"status-publish","4":"has-post-thumbnail","6":"countries-by","7":"countries-cu","8":"countries-ir","9":"countries-kp","10":"countries-ru","11":"countries-sy","12":"product_cat-gebaeude","13":"product_cat-gesundheit-wellness","14":"product_cat-heizung","15":"product_cat-klimatechnik","16":"product_cat-mpg-de","17":"product_cat-weitere-industrie","18":"pa_packaging-kanister-20-l-de-36","19":"pa_packaging-container-1000-kg-de-139","20":"pa_packaging-fass-210-l-de-28","21":"pa_protection-25c-de-233","23":"first","24":"instock","25":"shipping-taxable","26":"purchasable","27":"product-type-variable"},"_links":{"self":[{"href":"https:\/\/climalife.com\/de\/wp-json\/wp\/v2\/product\/162306","targetHints":{"allow":["GET"]}}],"collection":[{"href":"https:\/\/climalife.com\/de\/wp-json\/wp\/v2\/product"}],"about":[{"href":"https:\/\/climalife.com\/de\/wp-json\/wp\/v2\/types\/product"}],"replies":[{"embeddable":true,"href":"https:\/\/climalife.com\/de\/wp-json\/wp\/v2\/comments?post=162306"}],"wp:featuredmedia":[{"embeddable":true,"href":"https:\/\/climalife.com\/de\/wp-json\/wp\/v2\/media\/197745"}],"wp:attachment":[{"href":"https:\/\/climalife.com\/de\/wp-json\/wp\/v2\/media?parent=162306"}],"wp:term":[{"taxonomy":"countries","embeddable":true,"href":"https:\/\/climalife.com\/de\/wp-json\/wp\/v2\/countries?post=162306"},{"taxonomy":"product_brand","embeddable":true,"href":"https:\/\/climalife.com\/de\/wp-json\/wp\/v2\/product_brand?post=162306"},{"taxonomy":"product_cat","embeddable":true,"href":"https:\/\/climalife.com\/de\/wp-json\/wp\/v2\/product_cat?post=162306"},{"taxonomy":"product_tag","embeddable":true,"href":"https:\/\/climalife.com\/de\/wp-json\/wp\/v2\/product_tag?post=162306"}],"curies":[{"name":"wp","href":"https:\/\/api.w.org\/{rel}","templated":true}]}}