{"id":162317,"date":"2022-09-28T18:02:08","date_gmt":"2022-09-28T18:02:08","guid":{"rendered":"http:\/\/climalife.com\/product\/solufluid-heat-pump\/"},"modified":"2025-07-22T12:34:13","modified_gmt":"2025-07-22T12:34:13","slug":"solufluid-heat-pump","status":"publish","type":"product","link":"https:\/\/climalife.com\/de\/product\/solufluid-heat-pump\/","title":{"rendered":"Solufluid\u00ae Heat Pump"},"content":{"rendered":"","protected":false},"excerpt":{"rendered":"<p>SOLUFLUID<sup>\u00ae<\/sup> HEAT PUMP ist ein GEBRAUCHSFERTIGER W\u00e4rmetr\u00e4ger auf Basis von MONOPROPYLENGLYKOL und Korrosionsinhibitoren. Geeignet f\u00fcr geothermische W\u00e4rmepumpen (Leitungen mit unterirdischen Sensoren) und aerothermische W\u00e4rmepumpen (Luft\/Wasser).<\/p>\n","protected":false},"featured_media":108783,"comment_status":"open","ping_status":"closed","template":"","meta":[],"countries":[4674,4709,4756,4813,4831,4862],"product_brand":[],"product_cat":[9947,9956,9992,13092,13135,13534],"product_tag":[],"class_list":{"0":"post-162317","1":"product","2":"type-product","3":"status-publish","4":"has-post-thumbnail","6":"countries-by","7":"countries-cu","8":"countries-ir","9":"countries-kp","10":"countries-ru","11":"countries-sy","12":"product_cat-gebaeude","13":"product_cat-energie","14":"product_cat-weitere-industrie","15":"product_cat-heizung","16":"product_cat-erneuerbare-energie","17":"product_cat-mpg-de","18":"pa_packaging-kanister-20-l-de-36","19":"pa_packaging-container-1000-kg-de-139","20":"pa_packaging-fass-210-l-de-28","21":"pa_protection-25c-en-233","23":"first","24":"instock","25":"shipping-taxable","26":"purchasable","27":"product-type-variable"},"_links":{"self":[{"href":"https:\/\/climalife.com\/de\/wp-json\/wp\/v2\/product\/162317","targetHints":{"allow":["GET"]}}],"collection":[{"href":"https:\/\/climalife.com\/de\/wp-json\/wp\/v2\/product"}],"about":[{"href":"https:\/\/climalife.com\/de\/wp-json\/wp\/v2\/types\/product"}],"replies":[{"embeddable":true,"href":"https:\/\/climalife.com\/de\/wp-json\/wp\/v2\/comments?post=162317"}],"wp:featuredmedia":[{"embeddable":true,"href":"https:\/\/climalife.com\/de\/wp-json\/wp\/v2\/media\/108783"}],"wp:attachment":[{"href":"https:\/\/climalife.com\/de\/wp-json\/wp\/v2\/media?parent=162317"}],"wp:term":[{"taxonomy":"countries","embeddable":true,"href":"https:\/\/climalife.com\/de\/wp-json\/wp\/v2\/countries?post=162317"},{"taxonomy":"product_brand","embeddable":true,"href":"https:\/\/climalife.com\/de\/wp-json\/wp\/v2\/product_brand?post=162317"},{"taxonomy":"product_cat","embeddable":true,"href":"https:\/\/climalife.com\/de\/wp-json\/wp\/v2\/product_cat?post=162317"},{"taxonomy":"product_tag","embeddable":true,"href":"https:\/\/climalife.com\/de\/wp-json\/wp\/v2\/product_tag?post=162317"}],"curies":[{"name":"wp","href":"https:\/\/api.w.org\/{rel}","templated":true}]}}