{"id":162345,"date":"2022-09-28T18:02:39","date_gmt":"2022-09-28T18:02:39","guid":{"rendered":"http:\/\/climalife.com\/product\/anlagencontainer\/"},"modified":"2024-01-25T13:52:11","modified_gmt":"2024-01-25T13:52:11","slug":"anlagencontainer","status":"publish","type":"product","link":"https:\/\/climalife.com\/de\/product\/anlagencontainer\/","title":{"rendered":"Anlagencontainer"},"content":{"rendered":"<p>Verpackungsgr\u00f6\u00dfen sowie Verf\u00fcgbarkeiten k\u00f6nnen je nach Land abweichen.<\/p>\n","protected":false},"excerpt":{"rendered":"<p>F\u00fcr das zeitweilige Entleeren der Systeme vor der Wiederbef\u00fcllung der Anlagen mit K\u00e4ltemittel.<\/p>\n","protected":false},"featured_media":107478,"comment_status":"open","ping_status":"closed","template":"","meta":[],"countries":[4674,4709,4756,4813,4831,4862],"product_brand":[],"product_cat":[9983,9974,9947,9956,9938,9965,9992,13057,13074,13092,13126,13256],"product_tag":[],"class_list":{"0":"post-162345","1":"product","2":"type-product","3":"status-publish","4":"has-post-thumbnail","6":"countries-by","7":"countries-cu","8":"countries-ir","9":"countries-kp","10":"countries-ru","11":"countries-sy","12":"product_cat-luftfahrt-raumfahrt-ruestung","13":"product_cat-automobil-transport","14":"product_cat-gebaeude","15":"product_cat-energie","16":"product_cat-lebensmittel","17":"product_cat-gesundheit-wellness","18":"product_cat-weitere-industrie","19":"product_cat-klimatechnik","20":"product_cat-abbau-zersetzung","21":"product_cat-heizung","22":"product_cat-kaeltetechnik","23":"product_cat-ruckgewinnung-kaltemittel","24":"pa_packaging-container-930-l-de-76","26":"first","27":"instock","28":"shipping-taxable","29":"purchasable","30":"product-type-variable"},"_links":{"self":[{"href":"https:\/\/climalife.com\/de\/wp-json\/wp\/v2\/product\/162345","targetHints":{"allow":["GET"]}}],"collection":[{"href":"https:\/\/climalife.com\/de\/wp-json\/wp\/v2\/product"}],"about":[{"href":"https:\/\/climalife.com\/de\/wp-json\/wp\/v2\/types\/product"}],"replies":[{"embeddable":true,"href":"https:\/\/climalife.com\/de\/wp-json\/wp\/v2\/comments?post=162345"}],"wp:featuredmedia":[{"embeddable":true,"href":"https:\/\/climalife.com\/de\/wp-json\/wp\/v2\/media\/107478"}],"wp:attachment":[{"href":"https:\/\/climalife.com\/de\/wp-json\/wp\/v2\/media?parent=162345"}],"wp:term":[{"taxonomy":"countries","embeddable":true,"href":"https:\/\/climalife.com\/de\/wp-json\/wp\/v2\/countries?post=162345"},{"taxonomy":"product_brand","embeddable":true,"href":"https:\/\/climalife.com\/de\/wp-json\/wp\/v2\/product_brand?post=162345"},{"taxonomy":"product_cat","embeddable":true,"href":"https:\/\/climalife.com\/de\/wp-json\/wp\/v2\/product_cat?post=162345"},{"taxonomy":"product_tag","embeddable":true,"href":"https:\/\/climalife.com\/de\/wp-json\/wp\/v2\/product_tag?post=162345"}],"curies":[{"name":"wp","href":"https:\/\/api.w.org\/{rel}","templated":true}]}}