{"id":162355,"date":"2022-09-28T18:02:47","date_gmt":"2022-09-28T18:02:47","guid":{"rendered":"http:\/\/climalife.com\/product\/r-23\/"},"modified":"2024-12-20T11:22:56","modified_gmt":"2024-12-20T11:22:56","slug":"r-23","status":"publish","type":"product","link":"https:\/\/climalife.com\/de\/product\/r-23\/","title":{"rendered":"R-23"},"content":{"rendered":"<p>Es wird f\u00fcr die zweite Stufe eines Kaskaden-K\u00e4ltesystems verwendet, wobei die erste Stufe mit R-404Aoder R-507 betrieben werden kann (Klimar\u00e4ume, Gefriertrockner).<\/p>\n","protected":false},"excerpt":{"rendered":"<p>R-23 ist eine &#8220;Fluorkohlenwasserstoff-Verbindung (H-FKW)&#8221; f\u00fcr Tiefk\u00fchlanlagen (-60 bis -100\u00b0C) mit Kolben- oder Rotationsverdichtern.<\/p>\n","protected":false},"featured_media":201080,"comment_status":"open","ping_status":"closed","template":"","meta":[],"countries":[4674,4709,4756,4813,4831,4862],"product_brand":[],"product_cat":[9965,9445,13126,9983,9992],"product_tag":[],"class_list":{"0":"post-162355","1":"product","2":"type-product","3":"status-publish","4":"has-post-thumbnail","6":"countries-by","7":"countries-cu","8":"countries-ir","9":"countries-kp","10":"countries-ru","11":"countries-sy","12":"product_cat-gesundheit-wellness","13":"product_cat-h-fkw-de-33","14":"product_cat-kaeltetechnik","15":"product_cat-luftfahrt-raumfahrt-ruestung","16":"product_cat-weitere-industrie","17":"pa_packaging-flasche-134-l-de-115","18":"pa_packaging-flasche-50-l-de-118","20":"first","21":"instock","22":"shipping-taxable","23":"purchasable","24":"product-type-variable"},"_links":{"self":[{"href":"https:\/\/climalife.com\/de\/wp-json\/wp\/v2\/product\/162355","targetHints":{"allow":["GET"]}}],"collection":[{"href":"https:\/\/climalife.com\/de\/wp-json\/wp\/v2\/product"}],"about":[{"href":"https:\/\/climalife.com\/de\/wp-json\/wp\/v2\/types\/product"}],"replies":[{"embeddable":true,"href":"https:\/\/climalife.com\/de\/wp-json\/wp\/v2\/comments?post=162355"}],"wp:featuredmedia":[{"embeddable":true,"href":"https:\/\/climalife.com\/de\/wp-json\/wp\/v2\/media\/201080"}],"wp:attachment":[{"href":"https:\/\/climalife.com\/de\/wp-json\/wp\/v2\/media?parent=162355"}],"wp:term":[{"taxonomy":"countries","embeddable":true,"href":"https:\/\/climalife.com\/de\/wp-json\/wp\/v2\/countries?post=162355"},{"taxonomy":"product_brand","embeddable":true,"href":"https:\/\/climalife.com\/de\/wp-json\/wp\/v2\/product_brand?post=162355"},{"taxonomy":"product_cat","embeddable":true,"href":"https:\/\/climalife.com\/de\/wp-json\/wp\/v2\/product_cat?post=162355"},{"taxonomy":"product_tag","embeddable":true,"href":"https:\/\/climalife.com\/de\/wp-json\/wp\/v2\/product_tag?post=162355"}],"curies":[{"name":"wp","href":"https:\/\/api.w.org\/{rel}","templated":true}]}}