{"id":162364,"date":"2022-09-28T18:02:56","date_gmt":"2022-09-28T18:02:56","guid":{"rendered":"http:\/\/climalife.com\/product\/total-lunaria-nh-68\/"},"modified":"2025-07-21T16:55:29","modified_gmt":"2025-07-21T16:55:29","slug":"total-lunaria-nh-68","status":"publish","type":"product","link":"https:\/\/climalife.com\/de\/product\/total-lunaria-nh-68\/","title":{"rendered":"Total Lunaria NH 68"},"content":{"rendered":"<p>Anwendung:<br \/>\n&#8211; Schmierung von Hubkolbenverdichtern (Antriebe, Zylinder, Dichtungen).<br \/>\n&#8211; Schmierung von Rotationsverdichtern<br \/>\n&#8211; Anwendungsbereich: Verdampfertemperatur \u00fcber -30\u00b0C.<\/p>\n","protected":false},"excerpt":{"rendered":"<p>Mineral\u00f6le mit Zus\u00e4tzen zur Schmierung von K\u00e4ltemittelverdichtern, bei denen Ammoniakgas (R-717) als K\u00e4ltemittel eingesetzt wird.<\/p>\n","protected":false},"featured_media":108162,"comment_status":"open","ping_status":"closed","template":"","meta":[],"countries":[4674,4709,4756,4813,4831,4862],"product_brand":[],"product_cat":[9983,9938,9965,9992,13092,13126,9346],"product_tag":[],"class_list":{"0":"post-162364","1":"product","2":"type-product","3":"status-publish","4":"has-post-thumbnail","6":"countries-by","7":"countries-cu","8":"countries-ir","9":"countries-kp","10":"countries-ru","11":"countries-sy","12":"product_cat-luftfahrt-raumfahrt-ruestung","13":"product_cat-lebensmittel","14":"product_cat-gesundheit-wellness","15":"product_cat-weitere-industrie","16":"product_cat-heizung","17":"product_cat-kaeltetechnik","18":"product_cat-mineraloele","19":"pa_packaging-kanister-20-l-de-36","20":"pa_packaging-fass-208-l-de-49","22":"first","23":"instock","24":"shipping-taxable","25":"purchasable","26":"product-type-variable"},"_links":{"self":[{"href":"https:\/\/climalife.com\/de\/wp-json\/wp\/v2\/product\/162364","targetHints":{"allow":["GET"]}}],"collection":[{"href":"https:\/\/climalife.com\/de\/wp-json\/wp\/v2\/product"}],"about":[{"href":"https:\/\/climalife.com\/de\/wp-json\/wp\/v2\/types\/product"}],"replies":[{"embeddable":true,"href":"https:\/\/climalife.com\/de\/wp-json\/wp\/v2\/comments?post=162364"}],"wp:featuredmedia":[{"embeddable":true,"href":"https:\/\/climalife.com\/de\/wp-json\/wp\/v2\/media\/108162"}],"wp:attachment":[{"href":"https:\/\/climalife.com\/de\/wp-json\/wp\/v2\/media?parent=162364"}],"wp:term":[{"taxonomy":"countries","embeddable":true,"href":"https:\/\/climalife.com\/de\/wp-json\/wp\/v2\/countries?post=162364"},{"taxonomy":"product_brand","embeddable":true,"href":"https:\/\/climalife.com\/de\/wp-json\/wp\/v2\/product_brand?post=162364"},{"taxonomy":"product_cat","embeddable":true,"href":"https:\/\/climalife.com\/de\/wp-json\/wp\/v2\/product_cat?post=162364"},{"taxonomy":"product_tag","embeddable":true,"href":"https:\/\/climalife.com\/de\/wp-json\/wp\/v2\/product_tag?post=162364"}],"curies":[{"name":"wp","href":"https:\/\/api.w.org\/{rel}","templated":true}]}}