{"id":162373,"date":"2022-09-28T18:03:06","date_gmt":"2022-09-28T18:03:06","guid":{"rendered":"http:\/\/climalife.com\/product\/dispersionsmittel-d\/"},"modified":"2024-01-25T13:52:08","modified_gmt":"2024-01-25T13:52:08","slug":"dispersant-d","status":"publish","type":"product","link":"https:\/\/climalife.com\/de\/product\/dispersant-d\/","title":{"rendered":"Dispersant D"},"content":{"rendered":"<p>Dosierung zwischen 20 g und 50 g pro Liter Wasser.<br \/>\nNachsp\u00fclen mit Wasser erforderlich.<\/p>\n","protected":false},"excerpt":{"rendered":"<p>Zur Entfernung von Metalloxyden und nicht in Krusten verfestigtem Schlamm in den K\u00e4lte- W\u00e4rmetr\u00e4gerkreisl\u00e4ufen.<\/p>\n","protected":false},"featured_media":180170,"comment_status":"open","ping_status":"closed","template":"","meta":[],"countries":[4674,4709,4756,4813,4831,4862],"product_brand":[],"product_cat":[9956,13135,9947,9965,13092,13126,13057,9938,9983,9355,9992],"product_tag":[],"class_list":{"0":"post-162373","1":"product","2":"type-product","3":"status-publish","4":"has-post-thumbnail","6":"countries-by","7":"countries-cu","8":"countries-ir","9":"countries-kp","10":"countries-ru","11":"countries-sy","12":"product_cat-energie","13":"product_cat-erneuerbare-energie","14":"product_cat-gebaeude","15":"product_cat-gesundheit-wellness","16":"product_cat-heizung","17":"product_cat-kaeltetechnik","18":"product_cat-klimatechnik","19":"product_cat-lebensmittel","20":"product_cat-luftfahrt-raumfahrt-ruestung","21":"product_cat-reinigung-der-kaelte-waermetraeger-kreislaeufe","22":"product_cat-weitere-industrie","23":"pa_packaging-20-kg-kanister-de-38","25":"first","26":"instock","27":"shipping-taxable","28":"purchasable","29":"product-type-variable"},"_links":{"self":[{"href":"https:\/\/climalife.com\/de\/wp-json\/wp\/v2\/product\/162373","targetHints":{"allow":["GET"]}}],"collection":[{"href":"https:\/\/climalife.com\/de\/wp-json\/wp\/v2\/product"}],"about":[{"href":"https:\/\/climalife.com\/de\/wp-json\/wp\/v2\/types\/product"}],"replies":[{"embeddable":true,"href":"https:\/\/climalife.com\/de\/wp-json\/wp\/v2\/comments?post=162373"}],"wp:featuredmedia":[{"embeddable":true,"href":"https:\/\/climalife.com\/de\/wp-json\/wp\/v2\/media\/180170"}],"wp:attachment":[{"href":"https:\/\/climalife.com\/de\/wp-json\/wp\/v2\/media?parent=162373"}],"wp:term":[{"taxonomy":"countries","embeddable":true,"href":"https:\/\/climalife.com\/de\/wp-json\/wp\/v2\/countries?post=162373"},{"taxonomy":"product_brand","embeddable":true,"href":"https:\/\/climalife.com\/de\/wp-json\/wp\/v2\/product_brand?post=162373"},{"taxonomy":"product_cat","embeddable":true,"href":"https:\/\/climalife.com\/de\/wp-json\/wp\/v2\/product_cat?post=162373"},{"taxonomy":"product_tag","embeddable":true,"href":"https:\/\/climalife.com\/de\/wp-json\/wp\/v2\/product_tag?post=162373"}],"curies":[{"name":"wp","href":"https:\/\/api.w.org\/{rel}","templated":true}]}}