{"id":162383,"date":"2022-09-28T18:03:16","date_gmt":"2022-09-28T18:03:16","guid":{"rendered":"http:\/\/climalife.com\/product\/facilisolv\/"},"modified":"2024-01-25T13:52:07","modified_gmt":"2024-01-25T13:52:07","slug":"facilisolv","status":"publish","type":"product","link":"https:\/\/climalife.com\/de\/product\/facilisolv\/","title":{"rendered":"Facilisolv"},"content":{"rendered":"<p>Facilisolv ist effizient f\u00fcr Kreisl\u00e4ufe halogenhaltiger K\u00e4ltemittel, NH3 und herk\u00f6mmliche K\u00e4ltemaschinen\u00f6le.<\/p>\n","protected":false},"excerpt":{"rendered":"<p>L\u00f6sungsmittel zur Innenreinigung f\u00fcr K\u00fchlkreisl\u00e4ufe im industriellen Bereich.<\/p>\n","protected":false},"featured_media":108684,"comment_status":"open","ping_status":"closed","template":"","meta":[],"countries":[4674,4709,4756,4813,4831,4862],"product_brand":[],"product_cat":[9983,9947,9938,9965,9992,13092,13126,9229],"product_tag":[],"class_list":{"0":"post-162383","1":"product","2":"type-product","3":"status-publish","4":"has-post-thumbnail","6":"countries-by","7":"countries-cu","8":"countries-ir","9":"countries-kp","10":"countries-ru","11":"countries-sy","12":"product_cat-luftfahrt-raumfahrt-ruestung","13":"product_cat-gebaeude","14":"product_cat-lebensmittel","15":"product_cat-gesundheit-wellness","16":"product_cat-weitere-industrie","17":"product_cat-heizung","18":"product_cat-kaeltetechnik","19":"product_cat-interne-reinigung-der-kaelteanlagen","20":"pa_packaging-fass-210-l-de-28","21":"pa_packaging-fass-30-l-de-26","23":"first","24":"instock","25":"shipping-taxable","26":"purchasable","27":"product-type-variable"},"_links":{"self":[{"href":"https:\/\/climalife.com\/de\/wp-json\/wp\/v2\/product\/162383","targetHints":{"allow":["GET"]}}],"collection":[{"href":"https:\/\/climalife.com\/de\/wp-json\/wp\/v2\/product"}],"about":[{"href":"https:\/\/climalife.com\/de\/wp-json\/wp\/v2\/types\/product"}],"replies":[{"embeddable":true,"href":"https:\/\/climalife.com\/de\/wp-json\/wp\/v2\/comments?post=162383"}],"wp:featuredmedia":[{"embeddable":true,"href":"https:\/\/climalife.com\/de\/wp-json\/wp\/v2\/media\/108684"}],"wp:attachment":[{"href":"https:\/\/climalife.com\/de\/wp-json\/wp\/v2\/media?parent=162383"}],"wp:term":[{"taxonomy":"countries","embeddable":true,"href":"https:\/\/climalife.com\/de\/wp-json\/wp\/v2\/countries?post=162383"},{"taxonomy":"product_brand","embeddable":true,"href":"https:\/\/climalife.com\/de\/wp-json\/wp\/v2\/product_brand?post=162383"},{"taxonomy":"product_cat","embeddable":true,"href":"https:\/\/climalife.com\/de\/wp-json\/wp\/v2\/product_cat?post=162383"},{"taxonomy":"product_tag","embeddable":true,"href":"https:\/\/climalife.com\/de\/wp-json\/wp\/v2\/product_tag?post=162383"}],"curies":[{"name":"wp","href":"https:\/\/api.w.org\/{rel}","templated":true}]}}