{"id":162433,"date":"2022-09-28T18:04:11","date_gmt":"2022-09-28T18:04:11","guid":{"rendered":"http:\/\/climalife.com\/product\/novaspray-hfc-134a-t\/"},"modified":"2026-01-13T14:48:32","modified_gmt":"2026-01-13T14:48:32","slug":"novaspray-hfc-134a-t","status":"publish","type":"product","link":"https:\/\/climalife.com\/de\/product\/novaspray-hfc-134a-t\/","title":{"rendered":"NovaSpray\u2122 HFC 134aT"},"content":{"rendered":"<p>Es ist nicht entflammbar und wird in einer Vielzahl von Formeln eingesetzt, die Sicherheitsma\u00dfnahmen erfordern\u00a0(Bestimmungen, gef\u00e4hrliche Umgebungen, geschlossene R\u00e4ume). Die Verwendung von\u00a0NovaSpray\u2122 HFC 134a erm\u00f6glicht eine Reduzierung der Entflammbarkeit bis hin zur Nicht-Entflammbarkeit entsprechend der FEA-Tests.<\/p>\n<p>Es hat keinen Einfluss auf die Ozonschicht und nur einen geringen Treibhauseffekt.<\/p>\n","protected":false},"excerpt":{"rendered":"<p>NovaSpray\u2122 HFC 134aT ist ein Tetrafluorethan in Aerosol-Qualit\u00e4t. Mit seiner konstanten Qualit\u00e4t erf\u00fcllt es alle Anforderungen eines Treibgases.<\/p>\n","protected":false},"featured_media":207083,"comment_status":"open","ping_status":"closed","template":"","meta":[],"countries":[4674,4709,4756,4813,4831,4862],"product_brand":[],"product_cat":[9974,9947,9992,9758,9412],"product_tag":[],"class_list":{"0":"post-162433","1":"product","2":"type-product","3":"status-publish","4":"has-post-thumbnail","6":"countries-by","7":"countries-cu","8":"countries-ir","9":"countries-kp","10":"countries-ru","11":"countries-sy","12":"product_cat-automobil-transport","13":"product_cat-gebaeude","14":"product_cat-weitere-industrie","15":"product_cat-aerosole-de","16":"product_cat-h-fkw-de-86","17":"pa_packaging-container-930-l-de-76","18":"pa_packaging-fass-217-l-de-30","19":"pa_packaging-flasche-26-l-de-32","20":"pa_packaging-flasche-88-l-de-122","21":"pa_packaging-lose-ware-20-t-de-141","23":"first","24":"instock","25":"shipping-taxable","26":"purchasable","27":"product-type-variable"},"_links":{"self":[{"href":"https:\/\/climalife.com\/de\/wp-json\/wp\/v2\/product\/162433","targetHints":{"allow":["GET"]}}],"collection":[{"href":"https:\/\/climalife.com\/de\/wp-json\/wp\/v2\/product"}],"about":[{"href":"https:\/\/climalife.com\/de\/wp-json\/wp\/v2\/types\/product"}],"replies":[{"embeddable":true,"href":"https:\/\/climalife.com\/de\/wp-json\/wp\/v2\/comments?post=162433"}],"wp:featuredmedia":[{"embeddable":true,"href":"https:\/\/climalife.com\/de\/wp-json\/wp\/v2\/media\/207083"}],"wp:attachment":[{"href":"https:\/\/climalife.com\/de\/wp-json\/wp\/v2\/media?parent=162433"}],"wp:term":[{"taxonomy":"countries","embeddable":true,"href":"https:\/\/climalife.com\/de\/wp-json\/wp\/v2\/countries?post=162433"},{"taxonomy":"product_brand","embeddable":true,"href":"https:\/\/climalife.com\/de\/wp-json\/wp\/v2\/product_brand?post=162433"},{"taxonomy":"product_cat","embeddable":true,"href":"https:\/\/climalife.com\/de\/wp-json\/wp\/v2\/product_cat?post=162433"},{"taxonomy":"product_tag","embeddable":true,"href":"https:\/\/climalife.com\/de\/wp-json\/wp\/v2\/product_tag?post=162433"}],"curies":[{"name":"wp","href":"https:\/\/api.w.org\/{rel}","templated":true}]}}