{"id":162486,"date":"2022-09-28T18:05:27","date_gmt":"2022-09-28T18:05:27","guid":{"rendered":"http:\/\/climalife.com\/product\/universal-pumpe\/"},"modified":"2025-07-22T12:41:49","modified_gmt":"2025-07-22T12:41:49","slug":"universal-pumpe","status":"publish","type":"product","link":"https:\/\/climalife.com\/de\/product\/universal-pumpe\/","title":{"rendered":"Universal Pumpe"},"content":{"rendered":"<p>Umfasst einen Pumpenrohrsatz FP430 PP-1000, einen Elektromotor F417, eine Mutter f\u00fcr Pumpenrohrsatz G2.<\/p>\n","protected":false},"excerpt":{"rendered":"<p>Diese Pumpe kann f\u00fcr das Arbeiten mit K\u00e4ltetr\u00e4gern, Schmierstoffen und unseren Reinigungsmitteln verwendet\u00a0 werden.<\/p>\n","protected":false},"featured_media":206895,"comment_status":"open","ping_status":"closed","template":"","meta":[],"countries":[4674,4709,4756,4813,4831,4862],"product_brand":[],"product_cat":[9983,9947,9956,9938,9965,9992,13057,13083,13092,13126,13135,9229],"product_tag":[],"class_list":{"0":"post-162486","1":"product","2":"type-product","3":"status-publish","4":"has-post-thumbnail","6":"countries-by","7":"countries-cu","8":"countries-ir","9":"countries-kp","10":"countries-ru","11":"countries-sy","12":"product_cat-luftfahrt-raumfahrt-ruestung","13":"product_cat-gebaeude","14":"product_cat-energie","15":"product_cat-lebensmittel","16":"product_cat-gesundheit-wellness","17":"product_cat-weitere-industrie","18":"product_cat-klimatechnik","19":"product_cat-feuerschutz","20":"product_cat-heizung","21":"product_cat-kaeltetechnik","22":"product_cat-erneuerbare-energie","23":"product_cat-interne-reinigung-der-kaelteanlagen","24":"pa_packaging-einheit-de-25","26":"first","27":"instock","28":"shipping-taxable","29":"purchasable","30":"product-type-variable"},"_links":{"self":[{"href":"https:\/\/climalife.com\/de\/wp-json\/wp\/v2\/product\/162486","targetHints":{"allow":["GET"]}}],"collection":[{"href":"https:\/\/climalife.com\/de\/wp-json\/wp\/v2\/product"}],"about":[{"href":"https:\/\/climalife.com\/de\/wp-json\/wp\/v2\/types\/product"}],"replies":[{"embeddable":true,"href":"https:\/\/climalife.com\/de\/wp-json\/wp\/v2\/comments?post=162486"}],"wp:featuredmedia":[{"embeddable":true,"href":"https:\/\/climalife.com\/de\/wp-json\/wp\/v2\/media\/206895"}],"wp:attachment":[{"href":"https:\/\/climalife.com\/de\/wp-json\/wp\/v2\/media?parent=162486"}],"wp:term":[{"taxonomy":"countries","embeddable":true,"href":"https:\/\/climalife.com\/de\/wp-json\/wp\/v2\/countries?post=162486"},{"taxonomy":"product_brand","embeddable":true,"href":"https:\/\/climalife.com\/de\/wp-json\/wp\/v2\/product_brand?post=162486"},{"taxonomy":"product_cat","embeddable":true,"href":"https:\/\/climalife.com\/de\/wp-json\/wp\/v2\/product_cat?post=162486"},{"taxonomy":"product_tag","embeddable":true,"href":"https:\/\/climalife.com\/de\/wp-json\/wp\/v2\/product_tag?post=162486"}],"curies":[{"name":"wp","href":"https:\/\/api.w.org\/{rel}","templated":true}]}}