{"id":162505,"date":"2022-09-28T18:05:50","date_gmt":"2022-09-28T18:05:50","guid":{"rendered":"http:\/\/climalife.com\/product\/total-lunaria-fr-46-46-68\/"},"modified":"2025-07-21T16:40:57","modified_gmt":"2025-07-21T16:40:57","slug":"total-lunaria-fr-46-46-68","status":"publish","type":"product","link":"https:\/\/climalife.com\/de\/product\/total-lunaria-fr-46-46-68\/","title":{"rendered":"Total Lunaria FR Serie"},"content":{"rendered":"<p>Anwendung: Schmierung der Zylinder, Antriebe und Dichtungen von K\u00e4ltemittelverdichtern aller Art.<\/p>\n<p>Schmierung von Schraubenverdichtern:<\/p>\n<p>-Parallelschraubenl\u00e4ufer<\/p>\n<p>-Einschraubenl\u00e4ufer mit Satellit Typ Zimmern<\/p>\n","protected":false},"excerpt":{"rendered":"<p>Entparaffinierte naphtenische Mineral\u00f6le f\u00fcr die Schmierung von K\u00e4ltemittelverdichtern aller Art (\u00d6le vom Typ WAX FREE).<\/p>\n","protected":false},"featured_media":108171,"comment_status":"open","ping_status":"closed","template":"","meta":[],"countries":[4674,4709,4756,4813,4831,4862],"product_brand":[],"product_cat":[9983,9938,9965,9992,13057,13092,13126,9346],"product_tag":[],"class_list":{"0":"post-162505","1":"product","2":"type-product","3":"status-publish","4":"has-post-thumbnail","6":"countries-by","7":"countries-cu","8":"countries-ir","9":"countries-kp","10":"countries-ru","11":"countries-sy","12":"product_cat-luftfahrt-raumfahrt-ruestung","13":"product_cat-lebensmittel","14":"product_cat-gesundheit-wellness","15":"product_cat-weitere-industrie","16":"product_cat-klimatechnik","17":"product_cat-heizung","18":"product_cat-kaeltetechnik","19":"product_cat-mineraloele","20":"pa_packaging-kanister-20-l-de-174","21":"pa_packaging-fass-208-l-de-49","23":"first","24":"instock","25":"shipping-taxable","26":"purchasable","27":"product-type-variable"},"_links":{"self":[{"href":"https:\/\/climalife.com\/de\/wp-json\/wp\/v2\/product\/162505","targetHints":{"allow":["GET"]}}],"collection":[{"href":"https:\/\/climalife.com\/de\/wp-json\/wp\/v2\/product"}],"about":[{"href":"https:\/\/climalife.com\/de\/wp-json\/wp\/v2\/types\/product"}],"replies":[{"embeddable":true,"href":"https:\/\/climalife.com\/de\/wp-json\/wp\/v2\/comments?post=162505"}],"wp:featuredmedia":[{"embeddable":true,"href":"https:\/\/climalife.com\/de\/wp-json\/wp\/v2\/media\/108171"}],"wp:attachment":[{"href":"https:\/\/climalife.com\/de\/wp-json\/wp\/v2\/media?parent=162505"}],"wp:term":[{"taxonomy":"countries","embeddable":true,"href":"https:\/\/climalife.com\/de\/wp-json\/wp\/v2\/countries?post=162505"},{"taxonomy":"product_brand","embeddable":true,"href":"https:\/\/climalife.com\/de\/wp-json\/wp\/v2\/product_brand?post=162505"},{"taxonomy":"product_cat","embeddable":true,"href":"https:\/\/climalife.com\/de\/wp-json\/wp\/v2\/product_cat?post=162505"},{"taxonomy":"product_tag","embeddable":true,"href":"https:\/\/climalife.com\/de\/wp-json\/wp\/v2\/product_tag?post=162505"}],"curies":[{"name":"wp","href":"https:\/\/api.w.org\/{rel}","templated":true}]}}