{"id":162544,"date":"2022-09-28T18:06:30","date_gmt":"2022-09-28T18:06:30","guid":{"rendered":"http:\/\/climalife.com\/product\/novexpans-cyclopentan\/"},"modified":"2025-07-31T11:56:00","modified_gmt":"2025-07-31T11:56:00","slug":"novexpans-cyclopentan","status":"publish","type":"product","link":"https:\/\/climalife.com\/de\/product\/novexpans-cyclopentan\/","title":{"rendered":"NOVEXPANS\u2122 cyclopentan"},"content":{"rendered":"<p>Aufgrund seines\u00a0niedrigen W\u00e4rmeleitungskoeffizienten wird\u00a0NOVEXPANS\u2122\u00a0Cyclopentan f\u00fcr Isoliersch\u00e4ume in der Haushaltselektrik und f\u00fcr Blocks verwendet.<\/p>\n<p>Seine\u00a0R11\u00a0Klassifizierung ist ein Vorteil\u00a0bei der Einhaltung der Gesetzgebung zur Lagerung entflammbarer Produkte. Kein Abbau der Ozonschicht,\u00a0NOVEXPANS\u2122\u00a0Cyclopentan wurde speziell als Ersatz f\u00fcr FCKW 141 b entwickelt.<\/p>\n<p>&nbsp;<\/p>\n","protected":false},"excerpt":{"rendered":"<p>NOVEXPANS\u2122 Cyclopentan ist ein Produkt mit garantierten Spezifikationen (hoher Cyclopentangehalt), das als Treibmittel f\u00fcr die Expansion von Polyurethan-Hartschaumstoffen eingesetzt wird.<\/p>\n","protected":false},"featured_media":200116,"comment_status":"open","ping_status":"closed","template":"","meta":[],"countries":[4674,4709,4756,4813,4831,4862],"product_brand":[],"product_cat":[9974,13101,9947,9511,9938,9992],"product_tag":[],"class_list":{"0":"post-162544","1":"product","2":"type-product","3":"status-publish","4":"has-post-thumbnail","6":"countries-by","7":"countries-cu","8":"countries-ir","9":"countries-kp","10":"countries-ru","11":"countries-sy","12":"product_cat-automobil-transport","13":"product_cat-daemmung","14":"product_cat-gebaeude","15":"product_cat-kohlenwasserstoffe","16":"product_cat-lebensmittel","17":"product_cat-weitere-industrie","18":"pa_packaging-container-930-l-de-76","19":"pa_packaging-fass-217-l-de-30","20":"pa_packaging-fass-30-l-de-26","21":"pa_packaging-lose-ware-de-168","23":"first","24":"instock","25":"shipping-taxable","26":"purchasable","27":"product-type-variable"},"_links":{"self":[{"href":"https:\/\/climalife.com\/de\/wp-json\/wp\/v2\/product\/162544","targetHints":{"allow":["GET"]}}],"collection":[{"href":"https:\/\/climalife.com\/de\/wp-json\/wp\/v2\/product"}],"about":[{"href":"https:\/\/climalife.com\/de\/wp-json\/wp\/v2\/types\/product"}],"replies":[{"embeddable":true,"href":"https:\/\/climalife.com\/de\/wp-json\/wp\/v2\/comments?post=162544"}],"wp:featuredmedia":[{"embeddable":true,"href":"https:\/\/climalife.com\/de\/wp-json\/wp\/v2\/media\/200116"}],"wp:attachment":[{"href":"https:\/\/climalife.com\/de\/wp-json\/wp\/v2\/media?parent=162544"}],"wp:term":[{"taxonomy":"countries","embeddable":true,"href":"https:\/\/climalife.com\/de\/wp-json\/wp\/v2\/countries?post=162544"},{"taxonomy":"product_brand","embeddable":true,"href":"https:\/\/climalife.com\/de\/wp-json\/wp\/v2\/product_brand?post=162544"},{"taxonomy":"product_cat","embeddable":true,"href":"https:\/\/climalife.com\/de\/wp-json\/wp\/v2\/product_cat?post=162544"},{"taxonomy":"product_tag","embeddable":true,"href":"https:\/\/climalife.com\/de\/wp-json\/wp\/v2\/product_tag?post=162544"}],"curies":[{"name":"wp","href":"https:\/\/api.w.org\/{rel}","templated":true}]}}