{"id":162577,"date":"2022-09-28T18:06:57","date_gmt":"2022-09-28T18:06:57","guid":{"rendered":"http:\/\/climalife.com\/product\/r-449a\/"},"modified":"2024-12-20T13:57:58","modified_gmt":"2024-12-20T13:57:58","slug":"r-449a","status":"publish","type":"product","link":"https:\/\/climalife.com\/de\/product\/r-449a\/","title":{"rendered":"R-449A"},"content":{"rendered":"<p>Es wird bevorzugt bei K\u00fchlzentralen von Superm\u00e4rkten und Einkaufszentren, K\u00fchllagerh\u00e4usern, Anlagen zur Tiefk\u00fchlung von Lebensmitteln sowie K\u00fchlm\u00f6beln f\u00fcr die Aufbewahrung von tiefgefrorenen Lebensmitteln und f\u00fcr K\u00fchllastwagen verwendet. Unter Ber\u00fccksichtigung der Umstellungsprozedur, kann es auch als Ersatz f\u00fcr das K\u00e4ltemittel R-22 verwendet werden.<\/p>\n","protected":false},"excerpt":{"rendered":"<p>R-449A ist ein nichtazeotropes Gemisch auf FKW\/HFO-Basis mit niedrigem GWP, das als Ersatz f\u00fcr R-404A in der Tief- und Normalk\u00fchlung in gewerblichen und industriellen Anwendungen vorgesehen ist.<\/p>\n","protected":false},"featured_media":120627,"comment_status":"open","ping_status":"closed","template":"","meta":[],"countries":[4674,4709,4756,4813,4831,4862],"product_brand":[],"product_cat":[9974,9605,9965,13126,9938,9983,9992],"product_tag":[],"class_list":{"0":"post-162577","1":"product","2":"type-product","3":"status-publish","4":"has-post-thumbnail","6":"countries-by","7":"countries-cu","8":"countries-ir","9":"countries-kp","10":"countries-ru","11":"countries-sy","12":"product_cat-automobil-transport","13":"product_cat-fkw-hfo-gemische","14":"product_cat-gesundheit-wellness","15":"product_cat-kaeltetechnik","16":"product_cat-lebensmittel","17":"product_cat-luftfahrt-raumfahrt-ruestung","18":"product_cat-weitere-industrie","19":"pa_packaging-container-448-l-de-74","20":"pa_packaging-container-930-l-de-76","21":"pa_packaging-cubikool","22":"pa_packaging-flasche-52-l-de-72","24":"first","25":"instock","26":"shipping-taxable","27":"purchasable","28":"product-type-variable"},"_links":{"self":[{"href":"https:\/\/climalife.com\/de\/wp-json\/wp\/v2\/product\/162577","targetHints":{"allow":["GET"]}}],"collection":[{"href":"https:\/\/climalife.com\/de\/wp-json\/wp\/v2\/product"}],"about":[{"href":"https:\/\/climalife.com\/de\/wp-json\/wp\/v2\/types\/product"}],"replies":[{"embeddable":true,"href":"https:\/\/climalife.com\/de\/wp-json\/wp\/v2\/comments?post=162577"}],"wp:featuredmedia":[{"embeddable":true,"href":"https:\/\/climalife.com\/de\/wp-json\/wp\/v2\/media\/120627"}],"wp:attachment":[{"href":"https:\/\/climalife.com\/de\/wp-json\/wp\/v2\/media?parent=162577"}],"wp:term":[{"taxonomy":"countries","embeddable":true,"href":"https:\/\/climalife.com\/de\/wp-json\/wp\/v2\/countries?post=162577"},{"taxonomy":"product_brand","embeddable":true,"href":"https:\/\/climalife.com\/de\/wp-json\/wp\/v2\/product_brand?post=162577"},{"taxonomy":"product_cat","embeddable":true,"href":"https:\/\/climalife.com\/de\/wp-json\/wp\/v2\/product_cat?post=162577"},{"taxonomy":"product_tag","embeddable":true,"href":"https:\/\/climalife.com\/de\/wp-json\/wp\/v2\/product_tag?post=162577"}],"curies":[{"name":"wp","href":"https:\/\/api.w.org\/{rel}","templated":true}]}}