{"id":162650,"date":"2022-09-28T18:08:09","date_gmt":"2022-09-28T18:08:09","guid":{"rendered":"http:\/\/climalife.com\/product\/suniso-gs\/"},"modified":"2026-03-19T12:15:00","modified_gmt":"2026-03-19T12:15:00","slug":"suniso-gs","status":"publish","type":"product","link":"https:\/\/climalife.com\/de\/product\/suniso-gs\/","title":{"rendered":"Suniso GS Serie"},"content":{"rendered":"","protected":false},"excerpt":{"rendered":"<p>SUNISO GS&#8221; \u00d6le sind mineralische \u00d6le, die f\u00fcr K\u00e4ltekompressoren entwickelt wurden.<\/p>\n","protected":false},"featured_media":222967,"comment_status":"open","ping_status":"closed","template":"","meta":[],"countries":[4662,4667,4674,4693,4698,4706,4707,4709,4737,4739,4756,4800,4813,4817,4827,4831,4854,4862,4866,4881,4887],"product_brand":[],"product_cat":[9983,9974,9947,9956,9938,9965,9992,13057,13092,13126,9346],"product_tag":[],"class_list":{"0":"post-162650","1":"product","2":"type-product","3":"status-publish","4":"has-post-thumbnail","6":"countries-ar","7":"countries-au","8":"countries-by","9":"countries-ca","10":"countries-cl","11":"countries-cr","12":"countries-ci","13":"countries-cu","14":"countries-gh","15":"countries-gr","16":"countries-ir","17":"countries-mm","18":"countries-kp","19":"countries-pk","20":"countries-pt","21":"countries-ru","22":"countries-es","23":"countries-sy","24":"countries-th","25":"countries-us","26":"countries-ve","27":"product_cat-luftfahrt-raumfahrt-ruestung","28":"product_cat-automobil-transport","29":"product_cat-gebaeude","30":"product_cat-energie","31":"product_cat-lebensmittel","32":"product_cat-gesundheit-wellness","33":"product_cat-weitere-industrie","34":"product_cat-klimatechnik","35":"product_cat-heizung","36":"product_cat-kaeltetechnik","37":"product_cat-mineraloele","38":"pa_packaging-kanister-20-l-de-174","39":"pa_packaging-kanister-4-l-de-50","41":"first","42":"instock","43":"shipping-taxable","44":"purchasable","45":"product-type-variable"},"_links":{"self":[{"href":"https:\/\/climalife.com\/de\/wp-json\/wp\/v2\/product\/162650","targetHints":{"allow":["GET"]}}],"collection":[{"href":"https:\/\/climalife.com\/de\/wp-json\/wp\/v2\/product"}],"about":[{"href":"https:\/\/climalife.com\/de\/wp-json\/wp\/v2\/types\/product"}],"replies":[{"embeddable":true,"href":"https:\/\/climalife.com\/de\/wp-json\/wp\/v2\/comments?post=162650"}],"wp:featuredmedia":[{"embeddable":true,"href":"https:\/\/climalife.com\/de\/wp-json\/wp\/v2\/media\/222967"}],"wp:attachment":[{"href":"https:\/\/climalife.com\/de\/wp-json\/wp\/v2\/media?parent=162650"}],"wp:term":[{"taxonomy":"countries","embeddable":true,"href":"https:\/\/climalife.com\/de\/wp-json\/wp\/v2\/countries?post=162650"},{"taxonomy":"product_brand","embeddable":true,"href":"https:\/\/climalife.com\/de\/wp-json\/wp\/v2\/product_brand?post=162650"},{"taxonomy":"product_cat","embeddable":true,"href":"https:\/\/climalife.com\/de\/wp-json\/wp\/v2\/product_cat?post=162650"},{"taxonomy":"product_tag","embeddable":true,"href":"https:\/\/climalife.com\/de\/wp-json\/wp\/v2\/product_tag?post=162650"}],"curies":[{"name":"wp","href":"https:\/\/api.w.org\/{rel}","templated":true}]}}