{"id":162701,"date":"2022-09-28T18:08:49","date_gmt":"2022-09-28T18:08:49","guid":{"rendered":"http:\/\/climalife.com\/product\/solstice-n15-r-515b\/"},"modified":"2025-02-19T07:38:31","modified_gmt":"2025-02-19T07:38:31","slug":"solstice-n15-r-515b","status":"publish","type":"product","link":"https:\/\/climalife.com\/de\/product\/solstice-n15-r-515b\/","title":{"rendered":"R-515B Solstice\u00ae N15"},"content":{"rendered":"<p>Es ist f\u00fcr den Einsatz in Chillern, W\u00e4rmepumpen und Klimaanlagen, einschlie\u00dflich bei hohen Umgebungstemperaturen, vorgesehen.\u00a0 Er ist sowohl f\u00fcr Direktverdampfung als auch f\u00fcr geflutete Systeme geeignet.<\/p>\n<p>Polyolester\u00f6l verwenden (POE).<\/p>\n<p>&nbsp;<\/p>\n","protected":false},"excerpt":{"rendered":"<p>R-515B ist ein nicht brennbares azeotropes Gemisch aus einem Hydro-Fluorolefin (HFO) und einem Hydro-Fluorkohlenwasserstoff (HFC).<\/p>\n","protected":false},"featured_media":126567,"comment_status":"open","ping_status":"closed","template":"","meta":[],"countries":[4674,4709,4756,4813,4831,4862],"product_brand":[],"product_cat":[9947,9956,9938,9965,9992,13057,13126,9605],"product_tag":[],"class_list":{"0":"post-162701","1":"product","2":"type-product","3":"status-publish","4":"has-post-thumbnail","6":"countries-by","7":"countries-cu","8":"countries-ir","9":"countries-kp","10":"countries-ru","11":"countries-sy","12":"product_cat-gebaeude","13":"product_cat-energie","14":"product_cat-lebensmittel","15":"product_cat-gesundheit-wellness","16":"product_cat-weitere-industrie","17":"product_cat-klimatechnik","18":"product_cat-kaeltetechnik","19":"product_cat-fkw-hfo-gemische","20":"pa_packaging-container-448-l-de-74","21":"pa_packaging-container-930-l-de-76","22":"pa_packaging-cubikool","23":"pa_packaging-flasche-52-l-de-72","24":"pa_packaging-friostar-de-69","26":"first","27":"instock","28":"shipping-taxable","29":"purchasable","30":"product-type-variable"},"_links":{"self":[{"href":"https:\/\/climalife.com\/de\/wp-json\/wp\/v2\/product\/162701","targetHints":{"allow":["GET"]}}],"collection":[{"href":"https:\/\/climalife.com\/de\/wp-json\/wp\/v2\/product"}],"about":[{"href":"https:\/\/climalife.com\/de\/wp-json\/wp\/v2\/types\/product"}],"replies":[{"embeddable":true,"href":"https:\/\/climalife.com\/de\/wp-json\/wp\/v2\/comments?post=162701"}],"wp:featuredmedia":[{"embeddable":true,"href":"https:\/\/climalife.com\/de\/wp-json\/wp\/v2\/media\/126567"}],"wp:attachment":[{"href":"https:\/\/climalife.com\/de\/wp-json\/wp\/v2\/media?parent=162701"}],"wp:term":[{"taxonomy":"countries","embeddable":true,"href":"https:\/\/climalife.com\/de\/wp-json\/wp\/v2\/countries?post=162701"},{"taxonomy":"product_brand","embeddable":true,"href":"https:\/\/climalife.com\/de\/wp-json\/wp\/v2\/product_brand?post=162701"},{"taxonomy":"product_cat","embeddable":true,"href":"https:\/\/climalife.com\/de\/wp-json\/wp\/v2\/product_cat?post=162701"},{"taxonomy":"product_tag","embeddable":true,"href":"https:\/\/climalife.com\/de\/wp-json\/wp\/v2\/product_tag?post=162701"}],"curies":[{"name":"wp","href":"https:\/\/api.w.org\/{rel}","templated":true}]}}