{"id":162714,"date":"2022-09-28T18:09:12","date_gmt":"2022-09-28T18:09:12","guid":{"rendered":"http:\/\/climalife.com\/product\/r-744-co2\/"},"modified":"2024-04-08T07:41:54","modified_gmt":"2024-04-08T07:41:54","slug":"r-744-co2","status":"publish","type":"product","link":"https:\/\/climalife.com\/de\/product\/r-744-co2\/","title":{"rendered":"R-744 (CO2)"},"content":{"rendered":"<p>Es kann entweder in Direktverdampfungssysteme, oder in Kaskadenk\u00e4lte (unterkritisch) mit HFC oder NH<sub>3<\/sub> oder HFO oder in Boosters (transkritisch) verwendet werden.<\/p>\n","protected":false},"excerpt":{"rendered":"<p>R-744 (Kohlendioxid) ist ein K\u00e4ltemittel f\u00fcr die industrielle oder gewerbliche K\u00e4ltetechnik.<\/p>\n","protected":false},"featured_media":121644,"comment_status":"open","ping_status":"closed","template":"","meta":[],"countries":[4674,4709,4756,4813,4831,4862],"product_brand":[],"product_cat":[9974,9947,9938,9965,9992,13057,13092,13126,9689],"product_tag":[],"class_list":{"0":"post-162714","1":"product","2":"type-product","3":"status-publish","4":"has-post-thumbnail","6":"countries-by","7":"countries-cu","8":"countries-ir","9":"countries-kp","10":"countries-ru","11":"countries-sy","12":"product_cat-automobil-transport","13":"product_cat-gebaeude","14":"product_cat-lebensmittel","15":"product_cat-gesundheit-wellness","16":"product_cat-weitere-industrie","17":"product_cat-klimatechnik","18":"product_cat-heizung","19":"product_cat-kaeltetechnik","20":"product_cat-co2-kaeltemittel","21":"pa_packaging-buendel-9xb50-de-274","23":"first","24":"instock","25":"shipping-taxable","26":"purchasable","27":"product-type-variable"},"_links":{"self":[{"href":"https:\/\/climalife.com\/de\/wp-json\/wp\/v2\/product\/162714","targetHints":{"allow":["GET"]}}],"collection":[{"href":"https:\/\/climalife.com\/de\/wp-json\/wp\/v2\/product"}],"about":[{"href":"https:\/\/climalife.com\/de\/wp-json\/wp\/v2\/types\/product"}],"replies":[{"embeddable":true,"href":"https:\/\/climalife.com\/de\/wp-json\/wp\/v2\/comments?post=162714"}],"wp:featuredmedia":[{"embeddable":true,"href":"https:\/\/climalife.com\/de\/wp-json\/wp\/v2\/media\/121644"}],"wp:attachment":[{"href":"https:\/\/climalife.com\/de\/wp-json\/wp\/v2\/media?parent=162714"}],"wp:term":[{"taxonomy":"countries","embeddable":true,"href":"https:\/\/climalife.com\/de\/wp-json\/wp\/v2\/countries?post=162714"},{"taxonomy":"product_brand","embeddable":true,"href":"https:\/\/climalife.com\/de\/wp-json\/wp\/v2\/product_brand?post=162714"},{"taxonomy":"product_cat","embeddable":true,"href":"https:\/\/climalife.com\/de\/wp-json\/wp\/v2\/product_cat?post=162714"},{"taxonomy":"product_tag","embeddable":true,"href":"https:\/\/climalife.com\/de\/wp-json\/wp\/v2\/product_tag?post=162714"}],"curies":[{"name":"wp","href":"https:\/\/api.w.org\/{rel}","templated":true}]}}