{"id":162724,"date":"2022-09-28T18:09:23","date_gmt":"2022-09-28T18:09:23","guid":{"rendered":"http:\/\/climalife.com\/product\/solstice-n13-r-450a\/"},"modified":"2024-12-20T14:00:27","modified_gmt":"2024-12-20T14:00:27","slug":"solstice-n13-r-450a","status":"publish","type":"product","link":"https:\/\/climalife.com\/de\/product\/solstice-n13-r-450a\/","title":{"rendered":"R-450A Solstice\u00ae N13"},"content":{"rendered":"<p>Durch sein Temperaturglide von weniger als 1k bei Atmosph\u00e4rendruck, ist dieses K\u00e4ltemittel f\u00fcr Anlagen mit Direktverdampfung oder mit \u00fcberflutetem Verdampfer geeignet.<\/p>\n<p>Polyolester (POE) \u00d6l verwenden.<\/p>\n","protected":false},"excerpt":{"rendered":"<p>Solstice<sup>\u00ae<\/sup> N13 (R-450A) ist ein &#8220;quasiazeotropisches&#8221; Ersatzgemisch vom Typ HFO (Hydrofluoroolefin) f\u00fcr R-134a in gewerbliche und industrielle Anwendungen sowie in Klimaanlagen und W\u00e4rmepumpen.<\/p>\n","protected":false},"featured_media":116424,"comment_status":"open","ping_status":"closed","template":"","meta":[],"countries":[4674,4709,4756,4813,4831,4862],"product_brand":[],"product_cat":[9983,9974,9947,9956,9938,9965,9992,13057,13092,13126,9605],"product_tag":[],"class_list":{"0":"post-162724","1":"product","2":"type-product","3":"status-publish","4":"has-post-thumbnail","6":"countries-by","7":"countries-cu","8":"countries-ir","9":"countries-kp","10":"countries-ru","11":"countries-sy","12":"product_cat-luftfahrt-raumfahrt-ruestung","13":"product_cat-automobil-transport","14":"product_cat-gebaeude","15":"product_cat-energie","16":"product_cat-lebensmittel","17":"product_cat-gesundheit-wellness","18":"product_cat-weitere-industrie","19":"product_cat-klimatechnik","20":"product_cat-heizung","21":"product_cat-kaeltetechnik","22":"product_cat-fkw-hfo-gemische","23":"pa_packaging-container-448-l-de-74","24":"pa_packaging-container-930-l-de-76","25":"pa_packaging-cubikool","26":"pa_packaging-flasche-52-l-de-72","28":"first","29":"instock","30":"shipping-taxable","31":"purchasable","32":"product-type-variable"},"_links":{"self":[{"href":"https:\/\/climalife.com\/de\/wp-json\/wp\/v2\/product\/162724","targetHints":{"allow":["GET"]}}],"collection":[{"href":"https:\/\/climalife.com\/de\/wp-json\/wp\/v2\/product"}],"about":[{"href":"https:\/\/climalife.com\/de\/wp-json\/wp\/v2\/types\/product"}],"replies":[{"embeddable":true,"href":"https:\/\/climalife.com\/de\/wp-json\/wp\/v2\/comments?post=162724"}],"wp:featuredmedia":[{"embeddable":true,"href":"https:\/\/climalife.com\/de\/wp-json\/wp\/v2\/media\/116424"}],"wp:attachment":[{"href":"https:\/\/climalife.com\/de\/wp-json\/wp\/v2\/media?parent=162724"}],"wp:term":[{"taxonomy":"countries","embeddable":true,"href":"https:\/\/climalife.com\/de\/wp-json\/wp\/v2\/countries?post=162724"},{"taxonomy":"product_brand","embeddable":true,"href":"https:\/\/climalife.com\/de\/wp-json\/wp\/v2\/product_brand?post=162724"},{"taxonomy":"product_cat","embeddable":true,"href":"https:\/\/climalife.com\/de\/wp-json\/wp\/v2\/product_cat?post=162724"},{"taxonomy":"product_tag","embeddable":true,"href":"https:\/\/climalife.com\/de\/wp-json\/wp\/v2\/product_tag?post=162724"}],"curies":[{"name":"wp","href":"https:\/\/api.w.org\/{rel}","templated":true}]}}