{"id":162767,"date":"2022-09-28T18:10:06","date_gmt":"2022-09-28T18:10:06","guid":{"rendered":"http:\/\/climalife.com\/product\/mini-check\/"},"modified":"2024-01-25T13:51:41","modified_gmt":"2024-01-25T13:51:41","slug":"mini-check","status":"publish","type":"product","link":"https:\/\/climalife.com\/de\/product\/mini-check\/","title":{"rendered":"Mini-Check"},"content":{"rendered":"","protected":false},"excerpt":{"rendered":"<p>Kleinste Austrittsmengen R-134a\u00a0: 5 g\/Jahr\u00a0; zur Pr\u00fcfung der Funktionst\u00fcchtigkeit Ihrer elektronischen Lecksuchger\u00e4te vor Aufnahme einer Lecksuche.<\/p>\n","protected":false},"featured_media":108918,"comment_status":"open","ping_status":"closed","template":"","meta":[],"countries":[4674,4709,4756,4813,4831,4854,4862],"product_brand":[],"product_cat":[9974,9956,9947,9965,13126,13057,9938,9983,9378,13110,9992],"product_tag":[],"class_list":{"0":"post-162767","1":"product","2":"type-product","3":"status-publish","4":"has-post-thumbnail","6":"countries-by","7":"countries-cu","8":"countries-ir","9":"countries-kp","10":"countries-ru","11":"countries-es","12":"countries-sy","13":"product_cat-automobil-transport","14":"product_cat-energie","15":"product_cat-gebaeude","16":"product_cat-gesundheit-wellness","17":"product_cat-kaeltetechnik","18":"product_cat-klimatechnik","19":"product_cat-lebensmittel","20":"product_cat-luftfahrt-raumfahrt-ruestung","21":"product_cat-mobile-lecksuche","22":"product_cat-orc-organischer-rankin-zyklus","23":"product_cat-weitere-industrie","24":"pa_packaging-einheit-de-25","26":"first","27":"instock","28":"shipping-taxable","29":"purchasable","30":"product-type-variable"},"_links":{"self":[{"href":"https:\/\/climalife.com\/de\/wp-json\/wp\/v2\/product\/162767","targetHints":{"allow":["GET"]}}],"collection":[{"href":"https:\/\/climalife.com\/de\/wp-json\/wp\/v2\/product"}],"about":[{"href":"https:\/\/climalife.com\/de\/wp-json\/wp\/v2\/types\/product"}],"replies":[{"embeddable":true,"href":"https:\/\/climalife.com\/de\/wp-json\/wp\/v2\/comments?post=162767"}],"wp:featuredmedia":[{"embeddable":true,"href":"https:\/\/climalife.com\/de\/wp-json\/wp\/v2\/media\/108918"}],"wp:attachment":[{"href":"https:\/\/climalife.com\/de\/wp-json\/wp\/v2\/media?parent=162767"}],"wp:term":[{"taxonomy":"countries","embeddable":true,"href":"https:\/\/climalife.com\/de\/wp-json\/wp\/v2\/countries?post=162767"},{"taxonomy":"product_brand","embeddable":true,"href":"https:\/\/climalife.com\/de\/wp-json\/wp\/v2\/product_brand?post=162767"},{"taxonomy":"product_cat","embeddable":true,"href":"https:\/\/climalife.com\/de\/wp-json\/wp\/v2\/product_cat?post=162767"},{"taxonomy":"product_tag","embeddable":true,"href":"https:\/\/climalife.com\/de\/wp-json\/wp\/v2\/product_tag?post=162767"}],"curies":[{"name":"wp","href":"https:\/\/api.w.org\/{rel}","templated":true}]}}