{"id":162787,"date":"2022-09-28T18:10:28","date_gmt":"2022-09-28T18:10:28","guid":{"rendered":"http:\/\/climalife.com\/product\/temper\/"},"modified":"2025-09-10T09:37:16","modified_gmt":"2025-09-10T09:37:16","slug":"crane-temper","status":"publish","type":"product","link":"https:\/\/climalife.com\/de\/product\/crane-temper\/","title":{"rendered":"CRANE Temper\u00ae"},"content":{"rendered":"<p>Aufgrund seiner Viskosit\u00e4tseigenschaften bei niedrigen Temperaturen ist es sehr interessant f\u00fcr industriellle Verfahren im Niedrigtemperaturbereich. Es ist nicht brennbar, ungiftig und vereinbar mit einer breiten Palette von Werkstoffen.<\/p>\n<p>Crane Temper\u00ae ist jetzt als HT1 auf der offiziellen NSF-Liste registriert und kann als W\u00e4rmetr\u00e4gerfl\u00fcssigkeit in Kreisl\u00e4ufen verwendet werden, in denen die Gefahr eines unbeabsichtigten Kontakts mit Lebensmitteln besteht.<\/p>\n","protected":false},"excerpt":{"rendered":"<p>Basis Kaliumazetat und\u00a0 -formiat, gebrauchsfertig.<\/p>\n","protected":false},"featured_media":179981,"comment_status":"open","ping_status":"closed","template":"","meta":[],"countries":[4650,4652,4654,4656,4657,4658,4659,4660,4661,4662,4664,4665,4667,4668,4669,4670,4671,4672,4673,4674,4676,4677,4678,4679,4680,4681,4682,4683,4684,4685,4686,4687,4688,4689,4690,4691,4692,4693,4694,4695,4696,4697,4698,4699,4700,4701,4702,4703,4704,4705,4706,4707,4708,4709,4710,4711,4712,4713,4714,4715,4716,4717,4718,4719,4720,4721,4722,4859,4723,4724,4725,4726,4727,4729,4730,4731,4732,4733,4734,4735,4737,4738,4739,4740,4741,4742,4743,4744,4745,4746,4747,4748,4749,4750,4751,4753,4754,4755,4756,4757,4758,4759,4760,4761,4762,4763,4764,4765,4766,9125,4767,4768,4769,4770,4771,4772,4773,4774,4775,4776,4777,4778,4779,4780,4781,4782,4783,4784,4785,4786,4787,4788,4789,4790,4791,4792,4793,4794,4795,4796,4797,4798,4799,4800,4801,4802,4803,4805,4806,4807,4808,4809,4810,4811,4812,4813,4814,4815,4816,4817,4818,4819,4820,4821,4822,4823,4824,4825,4826,4827,4828,4829,4830,4831,4832,4833,4834,4835,4836,4837,4838,4839,4840,4841,4842,4843,4844,4845,4846,4847,4848,4849,4850,4851,4852,4853,4854,4855,4856,4857,4858,4860,4862,4863,4864,4865,4866,4867,4868,4869,4870,4871,4872,4873,4874,4875,4876,4877,4878,4879,4880,4881,4882,4883,4884,4885,4886,4887,4888,4889,4890,4891,4892],"product_brand":[],"product_cat":[9956,9938,9965,9992,13126,13542],"product_tag":[],"class_list":{"0":"post-162787","1":"product","2":"type-product","3":"status-publish","4":"has-post-thumbnail","6":"countries-af","7":"countries-al","8":"countries-dz","9":"countries-as","10":"countries-ad","11":"countries-ao","12":"countries-ai","13":"countries-aq","14":"countries-ag","15":"countries-ar","16":"countries-am","17":"countries-aw","18":"countries-au","19":"countries-at","20":"countries-az","21":"countries-bs","22":"countries-bh","23":"countries-bd","24":"countries-bb","25":"countries-by","26":"countries-bz","27":"countries-bj","28":"countries-bm","29":"countries-bt","30":"countries-bo","31":"countries-ba","32":"countries-bw","33":"countries-bv","34":"countries-br","35":"countries-io","36":"countries-vg","37":"countries-bn","38":"countries-bg","39":"countries-bf","40":"countries-bi","41":"countries-kh","42":"countries-cm","43":"countries-ca","44":"countries-cv","45":"countries-ky","46":"countries-cf","47":"countries-td","48":"countries-cl","49":"countries-cn","50":"countries-cx","51":"countries-cc","52":"countries-co","53":"countries-km","54":"countries-cg","55":"countries-ck","56":"countries-cr","57":"countries-ci","58":"countries-hr","59":"countries-cu","60":"countries-cy","61":"countries-cz","62":"countries-cd","63":"countries-dk","64":"countries-dj","65":"countries-dm","66":"countries-do","67":"countries-ec","68":"countries-eg","69":"countries-sv","70":"countries-gq","71":"countries-er","72":"countries-ee","73":"countries-sz","74":"countries-et","75":"countries-fk","76":"countries-fo","77":"countries-fj","78":"countries-fi","79":"countries-fr-gf-gp-mq-yt-re","80":"countries-gn","81":"countries-pf","82":"countries-tf","83":"countries-ga","84":"countries-gm","85":"countries-ge","86":"countries-gh","87":"countries-gi","88":"countries-gr","89":"countries-gl","90":"countries-gd","91":"countries-gp","92":"countries-gu","93":"countries-gt","94":"countries-gn-africa-indian-ocean","95":"countries-gw","96":"countries-gy","97":"countries-ht","98":"countries-hm","99":"countries-hn","100":"countries-hk","101":"countries-is","102":"countries-in","103":"countries-id","104":"countries-ir","105":"countries-iq","106":"countries-ie","107":"countries-il","108":"countries-it","109":"countries-jm","110":"countries-jp","111":"countries-jo","112":"countries-kz","113":"countries-ke","114":"countries-ki","115":"countries-xk","116":"countries-kw","117":"countries-kg","118":"countries-la","119":"countries-lv","120":"countries-lb","121":"countries-ls","122":"countries-lr","123":"countries-ly","124":"countries-li","125":"countries-lt","126":"countries-lu","127":"countries-mo","128":"countries-mk","129":"countries-mg","130":"countries-mw","131":"countries-my","132":"countries-mv","133":"countries-ml","134":"countries-mt","135":"countries-mh","136":"countries-mq","137":"countries-mr","138":"countries-mu","139":"countries-yt","140":"countries-mx","141":"countries-fm","142":"countries-md","143":"countries-mc","144":"countries-mn","145":"countries-me","146":"countries-ms","147":"countries-ma","148":"countries-mz","149":"countries-mm","150":"countries-na","151":"countries-nr","152":"countries-np","153":"countries-an","154":"countries-nc","155":"countries-nz","156":"countries-ni","157":"countries-ne","158":"countries-ng","159":"countries-nu","160":"countries-nf","161":"countries-kp","162":"countries-mp","163":"countries-no","164":"countries-om","165":"countries-pk","166":"countries-pw","167":"countries-ps","168":"countries-pa","169":"countries-pg","170":"countries-py","171":"countries-pe","172":"countries-ph","173":"countries-pn","174":"countries-pl","175":"countries-pt","176":"countries-pr","177":"countries-qa","178":"countries-re","179":"countries-ru","180":"countries-rw","181":"countries-sh","182":"countries-kn","183":"countries-lc","184":"countries-pm","185":"countries-vc","186":"countries-ws","187":"countries-sm","188":"countries-st","189":"countries-sa","190":"countries-sn","191":"countries-rs","192":"countries-sc","193":"countries-sl","194":"countries-sg","195":"countries-sk","196":"countries-si","197":"countries-sb","198":"countries-so","199":"countries-za","200":"countries-gs","201":"countries-kr","202":"countries-es","203":"countries-lk","204":"countries-sd","205":"countries-sr","206":"countries-sj","207":"countries-se","208":"countries-sy","209":"countries-tw","210":"countries-tj","211":"countries-tz","212":"countries-th","213":"countries-tl","214":"countries-tg","215":"countries-tk","216":"countries-to","217":"countries-tt","218":"countries-tn","219":"countries-tr","220":"countries-tc","221":"countries-tv","222":"countries-vi","223":"countries-ug","224":"countries-ua","225":"countries-ae","226":"countries-gb","227":"countries-us","228":"countries-um","229":"countries-uy","230":"countries-uz","231":"countries-vu","232":"countries-va","233":"countries-ve","234":"countries-vn","235":"countries-wf","236":"countries-ye","237":"countries-zm","238":"countries-zw","239":"product_cat-energie","240":"product_cat-lebensmittel","241":"product_cat-gesundheit-wellness","242":"product_cat-weitere-industrie","243":"product_cat-kaeltetechnik","244":"product_cat-acetat-und-kaliumformiat","245":"pa_packaging-container-1000-l-de-157","246":"pa_packaging-fass-208-l-de-49","247":"pa_packaging-kanister-25-l-de-51","248":"pa_protection-10c-de-156","249":"pa_protection-15c-de-321","250":"pa_protection-20c-de-146","251":"pa_protection-30c-de-159","252":"pa_protection-40c-de-161","253":"pa_protection-55c-de-162","254":"pa_protection-60c-de-320","256":"first","257":"instock","258":"shipping-taxable","259":"purchasable","260":"product-type-variable"},"_links":{"self":[{"href":"https:\/\/climalife.com\/de\/wp-json\/wp\/v2\/product\/162787","targetHints":{"allow":["GET"]}}],"collection":[{"href":"https:\/\/climalife.com\/de\/wp-json\/wp\/v2\/product"}],"about":[{"href":"https:\/\/climalife.com\/de\/wp-json\/wp\/v2\/types\/product"}],"replies":[{"embeddable":true,"href":"https:\/\/climalife.com\/de\/wp-json\/wp\/v2\/comments?post=162787"}],"wp:featuredmedia":[{"embeddable":true,"href":"https:\/\/climalife.com\/de\/wp-json\/wp\/v2\/media\/179981"}],"wp:attachment":[{"href":"https:\/\/climalife.com\/de\/wp-json\/wp\/v2\/media?parent=162787"}],"wp:term":[{"taxonomy":"countries","embeddable":true,"href":"https:\/\/climalife.com\/de\/wp-json\/wp\/v2\/countries?post=162787"},{"taxonomy":"product_brand","embeddable":true,"href":"https:\/\/climalife.com\/de\/wp-json\/wp\/v2\/product_brand?post=162787"},{"taxonomy":"product_cat","embeddable":true,"href":"https:\/\/climalife.com\/de\/wp-json\/wp\/v2\/product_cat?post=162787"},{"taxonomy":"product_tag","embeddable":true,"href":"https:\/\/climalife.com\/de\/wp-json\/wp\/v2\/product_tag?post=162787"}],"curies":[{"name":"wp","href":"https:\/\/api.w.org\/{rel}","templated":true}]}}