{"id":162867,"date":"2022-09-28T18:11:49","date_gmt":"2022-09-28T18:11:49","guid":{"rendered":"http:\/\/climalife.com\/product\/solstice-l41y-r-452b\/"},"modified":"2025-02-17T13:16:20","modified_gmt":"2025-02-17T13:16:20","slug":"solstice-l41y-r-452b","status":"publish","type":"product","link":"https:\/\/climalife.com\/de\/product\/solstice-l41y-r-452b\/","title":{"rendered":"R-452B Solstice\u00ae L41y"},"content":{"rendered":"<p>Dieses neue von Honeywell hergestellte K\u00e4ltemittel bietet gegen\u00fcber den K\u00e4ltemitteln R-410A und R-32 zahlreiche Vorteile:<\/p>\n<ul>\n<li><strong>Gleicher Betriebsdruck<\/strong> wie beim R-410A, daher sind keine Konstruktions\u00e4nderungen beim Rohrleitungssystem und keine Ver\u00e4nderungen bez\u00fcglich L\u00f6tarbeiten und Verpackungen n\u00f6tig.<\/li>\n<li><strong>Niedrigerer Massenfluss als bei R-410A<\/strong>, womit eine um 10 &#8211; 15 % geringere F\u00fcllmenge im Verh\u00e4ltnis zur vorhandenen Ausr\u00fcstung einhergeht.<\/li>\n<li>Solstice<sup>\u00ae<\/sup> L41y (R-452B) <strong>\u00fcbertrifft R-32 im Heizbetrieb und bei h\u00f6heren Umgebungstemperaturen<\/strong> infolge seiner h\u00f6heren kritischen Temperatur (77,1\u00b0C) und einem breiteren Funktionsbereich bei niedrigen Verdampfungstemperaturen.<\/li>\n<\/ul>\n","protected":false},"excerpt":{"rendered":"<p>R-452B ist ein &#8221; nicht azeotropisches&#8221; Ersatzgemisch vom Typ HFO (Hydrofluoroolefin) f\u00fcr R-410A in neuen Anlagen, insbesondere\u00a0 W\u00e4rmepumpen, Klimatisierungsanwendungen (VRF-, Rooftop) und Chiller (Luft\/Wasser).<\/p>\n","protected":false},"featured_media":125424,"comment_status":"open","ping_status":"closed","template":"","meta":[],"countries":[4674,4709,4756,4813,4831,4862],"product_brand":[],"product_cat":[9947,13057,9605],"product_tag":[],"class_list":{"0":"post-162867","1":"product","2":"type-product","3":"status-publish","4":"has-post-thumbnail","6":"countries-by","7":"countries-cu","8":"countries-ir","9":"countries-kp","10":"countries-ru","11":"countries-sy","12":"product_cat-gebaeude","13":"product_cat-klimatechnik","14":"product_cat-fkw-hfo-gemische","15":"pa_packaging-container-448-l-de-74","16":"pa_packaging-container-930-l-de-76","17":"pa_packaging-flasche-12-l-de-92","18":"pa_packaging-flasche-52-l-de-72","19":"pa_packaging-friostar-de-69","20":"pa_packaging-ministar-de-339","22":"first","23":"instock","24":"shipping-taxable","25":"purchasable","26":"product-type-variable"},"_links":{"self":[{"href":"https:\/\/climalife.com\/de\/wp-json\/wp\/v2\/product\/162867","targetHints":{"allow":["GET"]}}],"collection":[{"href":"https:\/\/climalife.com\/de\/wp-json\/wp\/v2\/product"}],"about":[{"href":"https:\/\/climalife.com\/de\/wp-json\/wp\/v2\/types\/product"}],"replies":[{"embeddable":true,"href":"https:\/\/climalife.com\/de\/wp-json\/wp\/v2\/comments?post=162867"}],"wp:featuredmedia":[{"embeddable":true,"href":"https:\/\/climalife.com\/de\/wp-json\/wp\/v2\/media\/125424"}],"wp:attachment":[{"href":"https:\/\/climalife.com\/de\/wp-json\/wp\/v2\/media?parent=162867"}],"wp:term":[{"taxonomy":"countries","embeddable":true,"href":"https:\/\/climalife.com\/de\/wp-json\/wp\/v2\/countries?post=162867"},{"taxonomy":"product_brand","embeddable":true,"href":"https:\/\/climalife.com\/de\/wp-json\/wp\/v2\/product_brand?post=162867"},{"taxonomy":"product_cat","embeddable":true,"href":"https:\/\/climalife.com\/de\/wp-json\/wp\/v2\/product_cat?post=162867"},{"taxonomy":"product_tag","embeddable":true,"href":"https:\/\/climalife.com\/de\/wp-json\/wp\/v2\/product_tag?post=162867"}],"curies":[{"name":"wp","href":"https:\/\/api.w.org\/{rel}","templated":true}]}}