{"id":162893,"date":"2022-09-28T18:12:19","date_gmt":"2022-09-28T18:12:19","guid":{"rendered":"http:\/\/climalife.com\/product\/fluorescent-f\/"},"modified":"2026-02-27T15:36:26","modified_gmt":"2026-02-27T15:36:26","slug":"fluorescent-f","status":"publish","type":"product","link":"https:\/\/climalife.com\/de\/product\/fluorescent-f\/","title":{"rendered":"Fluorescent F"},"content":{"rendered":"","protected":false},"excerpt":{"rendered":"<p>Fluorescent F wird f\u00fcr die Aufsp\u00fcrung von Lecks in Systemen mit K\u00e4ltetr\u00e4gern gebraucht.<br \/>\nDieses Additiv ist besonders zur Aufsp\u00fcrung von Lecks von K\u00e4ltetr\u00e4gern auf Basis von Monoethylenglykol oder Monopropylenglykol ohne Ver\u00e4nderung der Umgebung geeignet Mithilfe einer ultravioletten Lampe ist eine schnelle und effiziente Identifizierung des Leckbereichs m\u00f6glich.<\/p>\n","protected":false},"featured_media":130968,"comment_status":"open","ping_status":"closed","template":"","meta":[],"countries":[4674,4709,4756,4813,4831,4862],"product_brand":[],"product_cat":[9714,9956,13135,13083,9947,9965,13092,13126,13057,9938,9983,9992],"product_tag":[],"class_list":{"0":"post-162893","1":"product","2":"type-product","3":"status-publish","4":"has-post-thumbnail","6":"countries-by","7":"countries-cu","8":"countries-ir","9":"countries-kp","10":"countries-ru","11":"countries-sy","12":"product_cat-behandlung-und-additive","13":"product_cat-energie","14":"product_cat-erneuerbare-energie","15":"product_cat-feuerschutz","16":"product_cat-gebaeude","17":"product_cat-gesundheit-wellness","18":"product_cat-heizung","19":"product_cat-kaeltetechnik","20":"product_cat-klimatechnik","21":"product_cat-lebensmittel","22":"product_cat-luftfahrt-raumfahrt-ruestung","23":"product_cat-weitere-industrie","24":"pa_packaging-kanister-1-l-de-63","26":"first","27":"instock","28":"shipping-taxable","29":"purchasable","30":"product-type-variable"},"_links":{"self":[{"href":"https:\/\/climalife.com\/de\/wp-json\/wp\/v2\/product\/162893","targetHints":{"allow":["GET"]}}],"collection":[{"href":"https:\/\/climalife.com\/de\/wp-json\/wp\/v2\/product"}],"about":[{"href":"https:\/\/climalife.com\/de\/wp-json\/wp\/v2\/types\/product"}],"replies":[{"embeddable":true,"href":"https:\/\/climalife.com\/de\/wp-json\/wp\/v2\/comments?post=162893"}],"wp:featuredmedia":[{"embeddable":true,"href":"https:\/\/climalife.com\/de\/wp-json\/wp\/v2\/media\/130968"}],"wp:attachment":[{"href":"https:\/\/climalife.com\/de\/wp-json\/wp\/v2\/media?parent=162893"}],"wp:term":[{"taxonomy":"countries","embeddable":true,"href":"https:\/\/climalife.com\/de\/wp-json\/wp\/v2\/countries?post=162893"},{"taxonomy":"product_brand","embeddable":true,"href":"https:\/\/climalife.com\/de\/wp-json\/wp\/v2\/product_brand?post=162893"},{"taxonomy":"product_cat","embeddable":true,"href":"https:\/\/climalife.com\/de\/wp-json\/wp\/v2\/product_cat?post=162893"},{"taxonomy":"product_tag","embeddable":true,"href":"https:\/\/climalife.com\/de\/wp-json\/wp\/v2\/product_tag?post=162893"}],"curies":[{"name":"wp","href":"https:\/\/api.w.org\/{rel}","templated":true}]}}