{"id":162963,"date":"2022-09-28T18:13:35","date_gmt":"2022-09-28T18:13:35","guid":{"rendered":"http:\/\/climalife.com\/product\/novaspray-n-butan\/"},"modified":"2024-11-14T10:14:03","modified_gmt":"2024-11-14T10:14:03","slug":"novaspray-n-butan","status":"publish","type":"product","link":"https:\/\/climalife.com\/de\/product\/novaspray-n-butan\/","title":{"rendered":"NovaSpray\u2122 n-butan"},"content":{"rendered":"<p>Aufgrund seiner geringen Dichte ist es wirtschaftlich und erlaubt es, das Gewicht des zu verwendenden Treibers stark zu reduzieren. Seine ausgezeichnete Mischbarkeit mit den meisten L\u00f6sungsmitteln erm\u00f6glicht eine gro\u00dfe Flexibilit\u00e4t bei der Formulierung. Es hat keinen Einfluss auf die Ozonschicht und nur einen geringen Treibhauseffekt.<\/p>\n","protected":false},"excerpt":{"rendered":"<p>NovaSpray\u2122 n-Butan ist ein speziell desodorisiertes n-Butan in Aerosol-Qualit\u00e4t. Mit seiner konstanten Qualit\u00e4t erf\u00fcllt es alle Anforderungen eines Treibgases.<\/p>\n","protected":false},"featured_media":126369,"comment_status":"open","ping_status":"closed","template":"","meta":[],"countries":[4674,4709,4756,4813,4831,4862],"product_brand":[],"product_cat":[9938,9965,9992,9758,9601],"product_tag":[],"class_list":{"0":"post-162963","1":"product","2":"type-product","3":"status-publish","4":"has-post-thumbnail","6":"countries-by","7":"countries-cu","8":"countries-ir","9":"countries-kp","10":"countries-ru","11":"countries-sy","12":"product_cat-lebensmittel","13":"product_cat-gesundheit-wellness","14":"product_cat-weitere-industrie","15":"product_cat-aerosole-de","16":"product_cat-kohlenwasserstoffe-de-83","17":"pa_packaging-container-930-l-de-76","18":"pa_packaging-flasche-26-l-de-32","19":"pa_packaging-flasche-88-l-de-122","20":"pa_packaging-lose-ware-de-168","22":"first","23":"instock","24":"shipping-taxable","25":"purchasable","26":"product-type-variable"},"_links":{"self":[{"href":"https:\/\/climalife.com\/de\/wp-json\/wp\/v2\/product\/162963","targetHints":{"allow":["GET"]}}],"collection":[{"href":"https:\/\/climalife.com\/de\/wp-json\/wp\/v2\/product"}],"about":[{"href":"https:\/\/climalife.com\/de\/wp-json\/wp\/v2\/types\/product"}],"replies":[{"embeddable":true,"href":"https:\/\/climalife.com\/de\/wp-json\/wp\/v2\/comments?post=162963"}],"wp:featuredmedia":[{"embeddable":true,"href":"https:\/\/climalife.com\/de\/wp-json\/wp\/v2\/media\/126369"}],"wp:attachment":[{"href":"https:\/\/climalife.com\/de\/wp-json\/wp\/v2\/media?parent=162963"}],"wp:term":[{"taxonomy":"countries","embeddable":true,"href":"https:\/\/climalife.com\/de\/wp-json\/wp\/v2\/countries?post=162963"},{"taxonomy":"product_brand","embeddable":true,"href":"https:\/\/climalife.com\/de\/wp-json\/wp\/v2\/product_brand?post=162963"},{"taxonomy":"product_cat","embeddable":true,"href":"https:\/\/climalife.com\/de\/wp-json\/wp\/v2\/product_cat?post=162963"},{"taxonomy":"product_tag","embeddable":true,"href":"https:\/\/climalife.com\/de\/wp-json\/wp\/v2\/product_tag?post=162963"}],"curies":[{"name":"wp","href":"https:\/\/api.w.org\/{rel}","templated":true}]}}