{"id":162967,"date":"2022-09-28T18:13:45","date_gmt":"2022-09-28T18:13:45","guid":{"rendered":"http:\/\/climalife.com\/product\/verpackungen-fuer-die-ruecknahme-von-kaelte-waermetrager\/"},"modified":"2024-10-23T07:55:37","modified_gmt":"2024-10-23T07:55:37","slug":"verpackungen-fuer-die-ruecknahme-von-kaelte-waermetrager","status":"publish","type":"product","link":"https:\/\/climalife.com\/de\/product\/verpackungen-fuer-die-ruecknahme-von-kaelte-waermetrager\/","title":{"rendered":"Verpackungen f\u00fcr die R\u00fccknahme von K\u00e4lte-W\u00e4rmetrager"},"content":{"rendered":"","protected":false},"excerpt":{"rendered":"<p>Bereitstellung der Verpackungen<\/p>\n","protected":false},"featured_media":202710,"comment_status":"open","ping_status":"closed","template":"","meta":[],"countries":[4674,4709,4756,4813,4831,4862],"product_brand":[],"product_cat":[9983,9956,9938,9965,9992,13057,13083,13092,13126,13135,9732],"product_tag":[],"class_list":{"0":"post-162967","1":"product","2":"type-product","3":"status-publish","4":"has-post-thumbnail","6":"countries-by","7":"countries-cu","8":"countries-ir","9":"countries-kp","10":"countries-ru","11":"countries-sy","12":"product_cat-luftfahrt-raumfahrt-ruestung","13":"product_cat-energie","14":"product_cat-lebensmittel","15":"product_cat-gesundheit-wellness","16":"product_cat-weitere-industrie","17":"product_cat-klimatechnik","18":"product_cat-feuerschutz","19":"product_cat-heizung","20":"product_cat-kaeltetechnik","21":"product_cat-erneuerbare-energie","22":"product_cat-ruecknahme-und-wiederverwertung-von-kaelte-waermetraeger","23":"pa_packaging-container-1000-l-de-157","24":"pa_packaging-fass-217-l-de-30","25":"pa_packaging-fass-60-l-de-232","27":"first","28":"instock","29":"shipping-taxable","30":"purchasable","31":"product-type-variable"},"_links":{"self":[{"href":"https:\/\/climalife.com\/de\/wp-json\/wp\/v2\/product\/162967","targetHints":{"allow":["GET"]}}],"collection":[{"href":"https:\/\/climalife.com\/de\/wp-json\/wp\/v2\/product"}],"about":[{"href":"https:\/\/climalife.com\/de\/wp-json\/wp\/v2\/types\/product"}],"replies":[{"embeddable":true,"href":"https:\/\/climalife.com\/de\/wp-json\/wp\/v2\/comments?post=162967"}],"wp:featuredmedia":[{"embeddable":true,"href":"https:\/\/climalife.com\/de\/wp-json\/wp\/v2\/media\/202710"}],"wp:attachment":[{"href":"https:\/\/climalife.com\/de\/wp-json\/wp\/v2\/media?parent=162967"}],"wp:term":[{"taxonomy":"countries","embeddable":true,"href":"https:\/\/climalife.com\/de\/wp-json\/wp\/v2\/countries?post=162967"},{"taxonomy":"product_brand","embeddable":true,"href":"https:\/\/climalife.com\/de\/wp-json\/wp\/v2\/product_brand?post=162967"},{"taxonomy":"product_cat","embeddable":true,"href":"https:\/\/climalife.com\/de\/wp-json\/wp\/v2\/product_cat?post=162967"},{"taxonomy":"product_tag","embeddable":true,"href":"https:\/\/climalife.com\/de\/wp-json\/wp\/v2\/product_tag?post=162967"}],"curies":[{"name":"wp","href":"https:\/\/api.w.org\/{rel}","templated":true}]}}