{"id":163007,"date":"2022-09-28T18:14:28","date_gmt":"2022-09-28T18:14:28","guid":{"rendered":"http:\/\/climalife.com\/product\/total-planetelf-acd\/"},"modified":"2024-01-25T13:51:21","modified_gmt":"2024-01-25T13:51:21","slug":"total-planetelf-acd","status":"publish","type":"product","link":"https:\/\/climalife.com\/de\/product\/total-planetelf-acd\/","title":{"rendered":"Total Planetelf ACD"},"content":{"rendered":"<p>Anwendung mit allen H-FKW K\u00e4ltemittel: R134a, R404A, R407C, R410A, R507, R23&#8230;<br \/>\nPLANETELF ACD 32, 46 und 68 sind f\u00fcr <span id=\"result_box\" lang=\"de\"><span class=\"hps\">Kolbenkompressoren<\/span> geeignet.<br \/>\n<\/span><\/p>\n<p>Die Produkte Planetelf ACD 68, 100 FY, 150 FY und 220 FY sind f\u00fcr Schrauben- oder Zentrifugalverdichter ausgelegt.<\/p>\n","protected":false},"excerpt":{"rendered":"<p>Synthetisches Polyolester\u00f6l f\u00fcr H-FKW-betriebene K\u00e4ltekompressoren.<\/p>\n","protected":false},"featured_media":108414,"comment_status":"open","ping_status":"closed","template":"","meta":[],"countries":[4674,4709,4756,4813,4831,4862],"product_brand":[],"product_cat":[9974,9947,9965,13092,13126,13057,9938,9983,13420,9992],"product_tag":[],"class_list":{"0":"post-163007","1":"product","2":"type-product","3":"status-publish","4":"has-post-thumbnail","6":"countries-by","7":"countries-cu","8":"countries-ir","9":"countries-kp","10":"countries-ru","11":"countries-sy","12":"product_cat-automobil-transport","13":"product_cat-gebaeude","14":"product_cat-gesundheit-wellness","15":"product_cat-heizung","16":"product_cat-kaeltetechnik","17":"product_cat-klimatechnik","18":"product_cat-lebensmittel","19":"product_cat-luftfahrt-raumfahrt-ruestung","20":"product_cat-poe-de","21":"product_cat-weitere-industrie","22":"pa_packaging-kanister-20-l-de-36","23":"pa_packaging-5-l-kanister-de-35","24":"pa_packaging-fass-208-l-de-49","25":"pa_packaging-kanister-1-l-de-63","27":"first","28":"instock","29":"shipping-taxable","30":"purchasable","31":"product-type-variable"},"_links":{"self":[{"href":"https:\/\/climalife.com\/de\/wp-json\/wp\/v2\/product\/163007","targetHints":{"allow":["GET"]}}],"collection":[{"href":"https:\/\/climalife.com\/de\/wp-json\/wp\/v2\/product"}],"about":[{"href":"https:\/\/climalife.com\/de\/wp-json\/wp\/v2\/types\/product"}],"replies":[{"embeddable":true,"href":"https:\/\/climalife.com\/de\/wp-json\/wp\/v2\/comments?post=163007"}],"wp:featuredmedia":[{"embeddable":true,"href":"https:\/\/climalife.com\/de\/wp-json\/wp\/v2\/media\/108414"}],"wp:attachment":[{"href":"https:\/\/climalife.com\/de\/wp-json\/wp\/v2\/media?parent=163007"}],"wp:term":[{"taxonomy":"countries","embeddable":true,"href":"https:\/\/climalife.com\/de\/wp-json\/wp\/v2\/countries?post=163007"},{"taxonomy":"product_brand","embeddable":true,"href":"https:\/\/climalife.com\/de\/wp-json\/wp\/v2\/product_brand?post=163007"},{"taxonomy":"product_cat","embeddable":true,"href":"https:\/\/climalife.com\/de\/wp-json\/wp\/v2\/product_cat?post=163007"},{"taxonomy":"product_tag","embeddable":true,"href":"https:\/\/climalife.com\/de\/wp-json\/wp\/v2\/product_tag?post=163007"}],"curies":[{"name":"wp","href":"https:\/\/api.w.org\/{rel}","templated":true}]}}