{"id":163107,"date":"2022-09-28T18:16:16","date_gmt":"2022-09-28T18:16:16","guid":{"rendered":"http:\/\/climalife.com\/product\/saeurezahl\/"},"modified":"2024-01-25T13:51:13","modified_gmt":"2024-01-25T13:51:13","slug":"saeurezahl","status":"publish","type":"product","link":"https:\/\/climalife.com\/de\/product\/saeurezahl\/","title":{"rendered":"S\u00e4urezahl"},"content":{"rendered":"","protected":false},"excerpt":{"rendered":"<p>Quantitative Bestimmung des S\u00e4ureghalts im K\u00e4ltemaschinen\u00f6l.<\/p>\n","protected":false},"featured_media":107532,"comment_status":"open","ping_status":"closed","template":"","meta":[],"countries":[4674,4709,4756,4813,4831,4862],"product_brand":[],"product_cat":[9974,9947,9965,13092,9364,13126,13057,9938,9983,9992],"product_tag":[],"class_list":{"0":"post-163107","1":"product","2":"type-product","3":"status-publish","4":"has-post-thumbnail","6":"countries-by","7":"countries-cu","8":"countries-ir","9":"countries-kp","10":"countries-ru","11":"countries-sy","12":"product_cat-automobil-transport","13":"product_cat-gebaeude","14":"product_cat-gesundheit-wellness","15":"product_cat-heizung","16":"product_cat-kaeltemaschinenoelanalyse","17":"product_cat-kaeltetechnik","18":"product_cat-klimatechnik","19":"product_cat-lebensmittel","20":"product_cat-luftfahrt-raumfahrt-ruestung","21":"product_cat-weitere-industrie","22":"pa_packaging-einheit-de-25","24":"first","25":"instock","26":"shipping-taxable","27":"purchasable","28":"product-type-variable"},"_links":{"self":[{"href":"https:\/\/climalife.com\/de\/wp-json\/wp\/v2\/product\/163107","targetHints":{"allow":["GET"]}}],"collection":[{"href":"https:\/\/climalife.com\/de\/wp-json\/wp\/v2\/product"}],"about":[{"href":"https:\/\/climalife.com\/de\/wp-json\/wp\/v2\/types\/product"}],"replies":[{"embeddable":true,"href":"https:\/\/climalife.com\/de\/wp-json\/wp\/v2\/comments?post=163107"}],"wp:featuredmedia":[{"embeddable":true,"href":"https:\/\/climalife.com\/de\/wp-json\/wp\/v2\/media\/107532"}],"wp:attachment":[{"href":"https:\/\/climalife.com\/de\/wp-json\/wp\/v2\/media?parent=163107"}],"wp:term":[{"taxonomy":"countries","embeddable":true,"href":"https:\/\/climalife.com\/de\/wp-json\/wp\/v2\/countries?post=163107"},{"taxonomy":"product_brand","embeddable":true,"href":"https:\/\/climalife.com\/de\/wp-json\/wp\/v2\/product_brand?post=163107"},{"taxonomy":"product_cat","embeddable":true,"href":"https:\/\/climalife.com\/de\/wp-json\/wp\/v2\/product_cat?post=163107"},{"taxonomy":"product_tag","embeddable":true,"href":"https:\/\/climalife.com\/de\/wp-json\/wp\/v2\/product_tag?post=163107"}],"curies":[{"name":"wp","href":"https:\/\/api.w.org\/{rel}","templated":true}]}}