{"id":163211,"date":"2022-09-28T18:17:48","date_gmt":"2022-09-28T18:17:48","guid":{"rendered":"http:\/\/climalife.com\/product\/novaspray-n-butan-isobutan-15-bar\/"},"modified":"2026-02-17T08:31:36","modified_gmt":"2026-02-17T08:31:36","slug":"novaspray-n-butan-isobutan-15-bar","status":"publish","type":"product","link":"https:\/\/climalife.com\/de\/product\/novaspray-n-butan-isobutan-15-bar\/","title":{"rendered":"NovaSpray\u2122 n-butan\/isobutan 1,5 bar"},"content":{"rendered":"<p>&#8211; Es kann mit NOVASPRAY\u2122 Propan gemischt werden.<br \/>\n&#8211; Sehr h\u00e4ufig in der Kosmetik eingesetzt.<br \/>\n&#8211; Besonders f\u00fcr kosmetische Schaumformeln geeignet.<br \/>\n&#8211; Wirtschaftlich dank einer geringen Dichte, Sie k\u00f6nnen das Gewicht des genutzten Treibgases verringern.<br \/>\n&#8211; Seine gute Mischbarkeit mit den meisten L\u00f6sungsmitteln erm\u00f6glicht eine gro\u00dfe Flexibilit\u00e4t bei der Formulierung.<br \/>\n&#8211; Es hat keinen Einfluss auf die Ozonschicht und nur einen geringen Treibhauseffekt.<\/p>\n","protected":false},"excerpt":{"rendered":"<p>Mit seiner konstanten Qualit\u00e4t entspricht\u00a0die Mischung NOVASPRAY\u2122\u00a0n-butane\/isobutane 1,5 Bar\u00a0allen Anforderungen eines desodorisierten Treibgases.<\/p>\n","protected":false},"featured_media":126369,"comment_status":"open","ping_status":"closed","template":"","meta":[],"countries":[4674,4709,4756,4813,4831,4862],"product_brand":[],"product_cat":[9992,9758,9601],"product_tag":[],"class_list":{"0":"post-163211","1":"product","2":"type-product","3":"status-publish","4":"has-post-thumbnail","6":"countries-by","7":"countries-cu","8":"countries-ir","9":"countries-kp","10":"countries-ru","11":"countries-sy","12":"product_cat-weitere-industrie","13":"product_cat-aerosole-de","14":"product_cat-kohlenwasserstoffe-de-83","15":"pa_packaging-container-448-l-de-74","16":"pa_packaging-flasche-26-l-de-32","18":"first","19":"instock","20":"shipping-taxable","21":"purchasable","22":"product-type-variable"},"_links":{"self":[{"href":"https:\/\/climalife.com\/de\/wp-json\/wp\/v2\/product\/163211","targetHints":{"allow":["GET"]}}],"collection":[{"href":"https:\/\/climalife.com\/de\/wp-json\/wp\/v2\/product"}],"about":[{"href":"https:\/\/climalife.com\/de\/wp-json\/wp\/v2\/types\/product"}],"replies":[{"embeddable":true,"href":"https:\/\/climalife.com\/de\/wp-json\/wp\/v2\/comments?post=163211"}],"wp:featuredmedia":[{"embeddable":true,"href":"https:\/\/climalife.com\/de\/wp-json\/wp\/v2\/media\/126369"}],"wp:attachment":[{"href":"https:\/\/climalife.com\/de\/wp-json\/wp\/v2\/media?parent=163211"}],"wp:term":[{"taxonomy":"countries","embeddable":true,"href":"https:\/\/climalife.com\/de\/wp-json\/wp\/v2\/countries?post=163211"},{"taxonomy":"product_brand","embeddable":true,"href":"https:\/\/climalife.com\/de\/wp-json\/wp\/v2\/product_brand?post=163211"},{"taxonomy":"product_cat","embeddable":true,"href":"https:\/\/climalife.com\/de\/wp-json\/wp\/v2\/product_cat?post=163211"},{"taxonomy":"product_tag","embeddable":true,"href":"https:\/\/climalife.com\/de\/wp-json\/wp\/v2\/product_tag?post=163211"}],"curies":[{"name":"wp","href":"https:\/\/api.w.org\/{rel}","templated":true}]}}