{"id":163241,"date":"2022-09-28T18:18:21","date_gmt":"2022-09-28T18:18:21","guid":{"rendered":"http:\/\/climalife.com\/product\/novexpans-n-pentan-cyclopentan-93-7\/"},"modified":"2025-07-31T12:55:14","modified_gmt":"2025-07-31T12:55:14","slug":"novexpans-n-pentan-cyclopentan-93-7","status":"publish","type":"product","link":"https:\/\/climalife.com\/de\/product\/novexpans-n-pentan-cyclopentan-93-7\/","title":{"rendered":"NOVEXPANS\u2122 n-pentan\/cyclopentan (93\/7)"},"content":{"rendered":"<p>Das Produkt dieser ganz besonderen Formulierung hat Spezifikationen und eine Qualit\u00e4t, die fast identisch ist mit n-Pentan, aber mit einem &#8220;leichtentz\u00fcndlichen&#8221; Risiko anstelle von &#8220;hochentz\u00fcndlich&#8221;, ein Vorteil somit f\u00fcr die Lagerung.<\/p>\n<p>Der Schaum mit hoher mechanischer Best\u00e4ndigkeit ist besonders f\u00fcr unterbrechungsfreie Isolationspaneele in der Fertigung geeignet. Es ist wirtschaftlich und unsch\u00e4dlich f\u00fcr die Ozonschicht.<\/p>\n","protected":false},"excerpt":{"rendered":"<p>NOVEXPANS\u2122 n-Pentan\/Cyclopentan (93\/7) ist eine Mischung aus n-Pentan und Cyclopentan mit garantierten Spezifikationen, die als Expansionsmittel in Treibmitteln in Polyurethan-Hartschaumstoffen verwendet werden.<\/p>\n","protected":false},"featured_media":200116,"comment_status":"open","ping_status":"closed","template":"","meta":[],"countries":[4674,4709,4756,4813,4831,4862],"product_brand":[],"product_cat":[9974,9947,9938,9992,13101,9511],"product_tag":[],"class_list":{"0":"post-163241","1":"product","2":"type-product","3":"status-publish","4":"has-post-thumbnail","6":"countries-by","7":"countries-cu","8":"countries-ir","9":"countries-kp","10":"countries-ru","11":"countries-sy","12":"product_cat-automobil-transport","13":"product_cat-gebaeude","14":"product_cat-lebensmittel","15":"product_cat-weitere-industrie","16":"product_cat-daemmung","17":"product_cat-kohlenwasserstoffe","18":"pa_packaging-container-930-l-de-76","19":"pa_packaging-fass-217-l-de-30","20":"pa_packaging-lose-ware-de-168","22":"first","23":"instock","24":"shipping-taxable","25":"purchasable","26":"product-type-variable"},"_links":{"self":[{"href":"https:\/\/climalife.com\/de\/wp-json\/wp\/v2\/product\/163241","targetHints":{"allow":["GET"]}}],"collection":[{"href":"https:\/\/climalife.com\/de\/wp-json\/wp\/v2\/product"}],"about":[{"href":"https:\/\/climalife.com\/de\/wp-json\/wp\/v2\/types\/product"}],"replies":[{"embeddable":true,"href":"https:\/\/climalife.com\/de\/wp-json\/wp\/v2\/comments?post=163241"}],"wp:featuredmedia":[{"embeddable":true,"href":"https:\/\/climalife.com\/de\/wp-json\/wp\/v2\/media\/200116"}],"wp:attachment":[{"href":"https:\/\/climalife.com\/de\/wp-json\/wp\/v2\/media?parent=163241"}],"wp:term":[{"taxonomy":"countries","embeddable":true,"href":"https:\/\/climalife.com\/de\/wp-json\/wp\/v2\/countries?post=163241"},{"taxonomy":"product_brand","embeddable":true,"href":"https:\/\/climalife.com\/de\/wp-json\/wp\/v2\/product_brand?post=163241"},{"taxonomy":"product_cat","embeddable":true,"href":"https:\/\/climalife.com\/de\/wp-json\/wp\/v2\/product_cat?post=163241"},{"taxonomy":"product_tag","embeddable":true,"href":"https:\/\/climalife.com\/de\/wp-json\/wp\/v2\/product_tag?post=163241"}],"curies":[{"name":"wp","href":"https:\/\/api.w.org\/{rel}","templated":true}]}}