{"id":163253,"date":"2022-09-28T18:18:31","date_gmt":"2022-09-28T18:18:31","guid":{"rendered":"http:\/\/climalife.com\/product\/novaspray-n-butan-isobutan-propan-54-24-22\/"},"modified":"2025-04-02T12:26:44","modified_gmt":"2025-04-02T12:26:44","slug":"novaspray-n-butan-isobutan-propan-54-24-22","status":"publish","type":"product","link":"https:\/\/climalife.com\/de\/product\/novaspray-n-butan-isobutan-propan-54-24-22\/","title":{"rendered":"NovaSpray\u2122 n-butan\/isobutan\/propan (54\/24\/22)"},"content":{"rendered":"<p>Mit seiner konstanten Qualit\u00e4t erf\u00fcllt es alle Anforderungen eines Treibgases.<br \/>\n&#8211; Es ist besonders f\u00fcr kosmetische Schaumformulierungen geeignet<br \/>\n&#8211; Wirtschaftlich dank einer geringen Dichte, das Gewicht des genutzten Treibgases kann reduziert werden<br \/>\n&#8211; Seine gute Mischbarkeit mit den meisten L\u00f6sungsmitteln erm\u00f6glicht eine gro\u00dfe Flexibilit\u00e4t bei der Formulierung.<br \/>\n&#8211; Es hat keinen Einfluss auf die Ozonschicht und nur einen geringen Treibhauseffekt.<\/p>\n","protected":false},"excerpt":{"rendered":"<p>NovaSpray\u2122 n-Butan\/Isobutan\/Propan (54\/24\/22) ist eine speziell desodorisiertes Mischung in Aerosol-Qualit\u00e4t aus NovaSpray\u2122 n-Butan, NovaSpray\u2122 Isobutan und NovaSpray\u2122 Propan.<\/p>\n","protected":false},"featured_media":126369,"comment_status":"open","ping_status":"closed","template":"","meta":[],"countries":[4674,4709,4756,4813,4831,4862],"product_brand":[],"product_cat":[9965,9992,9758,9601],"product_tag":[],"class_list":{"0":"post-163253","1":"product","2":"type-product","3":"status-publish","4":"has-post-thumbnail","6":"countries-by","7":"countries-cu","8":"countries-ir","9":"countries-kp","10":"countries-ru","11":"countries-sy","12":"product_cat-gesundheit-wellness","13":"product_cat-weitere-industrie","14":"product_cat-aerosole-de","15":"product_cat-kohlenwasserstoffe-de-83","16":"pa_packaging-container-930-l-de-76","17":"pa_packaging-flasche-26-l-de-32","18":"pa_packaging-flasche-88-l-de-122","20":"first","21":"instock","22":"shipping-taxable","23":"purchasable","24":"product-type-variable"},"_links":{"self":[{"href":"https:\/\/climalife.com\/de\/wp-json\/wp\/v2\/product\/163253","targetHints":{"allow":["GET"]}}],"collection":[{"href":"https:\/\/climalife.com\/de\/wp-json\/wp\/v2\/product"}],"about":[{"href":"https:\/\/climalife.com\/de\/wp-json\/wp\/v2\/types\/product"}],"replies":[{"embeddable":true,"href":"https:\/\/climalife.com\/de\/wp-json\/wp\/v2\/comments?post=163253"}],"wp:featuredmedia":[{"embeddable":true,"href":"https:\/\/climalife.com\/de\/wp-json\/wp\/v2\/media\/126369"}],"wp:attachment":[{"href":"https:\/\/climalife.com\/de\/wp-json\/wp\/v2\/media?parent=163253"}],"wp:term":[{"taxonomy":"countries","embeddable":true,"href":"https:\/\/climalife.com\/de\/wp-json\/wp\/v2\/countries?post=163253"},{"taxonomy":"product_brand","embeddable":true,"href":"https:\/\/climalife.com\/de\/wp-json\/wp\/v2\/product_brand?post=163253"},{"taxonomy":"product_cat","embeddable":true,"href":"https:\/\/climalife.com\/de\/wp-json\/wp\/v2\/product_cat?post=163253"},{"taxonomy":"product_tag","embeddable":true,"href":"https:\/\/climalife.com\/de\/wp-json\/wp\/v2\/product_tag?post=163253"}],"curies":[{"name":"wp","href":"https:\/\/api.w.org\/{rel}","templated":true}]}}