{"id":163257,"date":"2022-09-28T18:18:41","date_gmt":"2022-09-28T18:18:41","guid":{"rendered":"http:\/\/climalife.com\/product\/r-422a-freon-tm-mo79\/"},"modified":"2024-12-20T13:36:07","modified_gmt":"2024-12-20T13:36:07","slug":"r-422a-freon-tm-mo79","status":"publish","type":"product","link":"https:\/\/climalife.com\/de\/product\/r-422a-freon-tm-mo79\/","title":{"rendered":"R-422A (FREON\u2122 MO79)"},"content":{"rendered":"<p>Es kann f\u00fcr K\u00fchlanalagen im Temperaturbereich unter Null im Bereich von Super- und Hyperm\u00e4rkten sowie in der Land- und Nahrungsg\u00fcterwirtschaft verwendet werden.<\/p>\n","protected":false},"excerpt":{"rendered":"<p>R-422A (Freon\u2122 MO79) ist eine zeotropische Mischung vom Typ H-FKW und dient als alternatives K\u00e4ltemittel f\u00fcr Produkte auf Basis von R-22, urspr\u00fcnglich Ersatzk\u00e4ltemittel f\u00fcr R-502, die f\u00fcr den Einsatz im TK-Bereich verwendet wurden.<\/p>\n","protected":false},"featured_media":108639,"comment_status":"open","ping_status":"closed","template":"","meta":[],"countries":[4674,4709,4756,4813,4831,4862],"product_brand":[],"product_cat":[9445,13126,9938],"product_tag":[],"class_list":{"0":"post-163257","1":"product","2":"type-product","3":"status-publish","4":"has-post-thumbnail","6":"countries-by","7":"countries-cu","8":"countries-ir","9":"countries-kp","10":"countries-ru","11":"countries-sy","12":"product_cat-h-fkw-de-33","13":"product_cat-kaeltetechnik","14":"product_cat-lebensmittel","15":"pa_packaging-cubikool","16":"pa_packaging-flasche-52-l-de-72","18":"first","19":"instock","20":"shipping-taxable","21":"purchasable","22":"product-type-variable"},"_links":{"self":[{"href":"https:\/\/climalife.com\/de\/wp-json\/wp\/v2\/product\/163257","targetHints":{"allow":["GET"]}}],"collection":[{"href":"https:\/\/climalife.com\/de\/wp-json\/wp\/v2\/product"}],"about":[{"href":"https:\/\/climalife.com\/de\/wp-json\/wp\/v2\/types\/product"}],"replies":[{"embeddable":true,"href":"https:\/\/climalife.com\/de\/wp-json\/wp\/v2\/comments?post=163257"}],"wp:featuredmedia":[{"embeddable":true,"href":"https:\/\/climalife.com\/de\/wp-json\/wp\/v2\/media\/108639"}],"wp:attachment":[{"href":"https:\/\/climalife.com\/de\/wp-json\/wp\/v2\/media?parent=163257"}],"wp:term":[{"taxonomy":"countries","embeddable":true,"href":"https:\/\/climalife.com\/de\/wp-json\/wp\/v2\/countries?post=163257"},{"taxonomy":"product_brand","embeddable":true,"href":"https:\/\/climalife.com\/de\/wp-json\/wp\/v2\/product_brand?post=163257"},{"taxonomy":"product_cat","embeddable":true,"href":"https:\/\/climalife.com\/de\/wp-json\/wp\/v2\/product_cat?post=163257"},{"taxonomy":"product_tag","embeddable":true,"href":"https:\/\/climalife.com\/de\/wp-json\/wp\/v2\/product_tag?post=163257"}],"curies":[{"name":"wp","href":"https:\/\/api.w.org\/{rel}","templated":true}]}}