{"id":163277,"date":"2022-09-28T18:19:06","date_gmt":"2022-09-28T18:19:06","guid":{"rendered":"http:\/\/climalife.com\/product\/novexpans-n-pentan-isopentan-85-15\/"},"modified":"2025-07-31T13:10:45","modified_gmt":"2025-07-31T13:10:45","slug":"novexpans-n-pentan-isopentan-85-15","status":"publish","type":"product","link":"https:\/\/climalife.com\/de\/product\/novexpans-n-pentan-isopentan-85-15\/","title":{"rendered":"NOVEXPANS\u2122 n-pentan\/isopentan (85\/15)"},"content":{"rendered":"<p>Wirtschaftlich und unsch\u00e4dlich f\u00fcr die Ozonschicht, eignet es sich besonders f\u00fcr die Herstellung von D\u00e4mmplatten.<\/p>\n","protected":false},"excerpt":{"rendered":"<p>NOVEXPANS\u2122 n-pentane\/isopentane (85\/15) ein Gemisch aus n-Pentan und Isopentan mit garantierten Spezifikationen, das als Treibmittel f\u00fcr die Expansion von Polyurethan-Hartschaumstoffen verwendet wird.<\/p>\n","protected":false},"featured_media":202564,"comment_status":"open","ping_status":"closed","template":"","meta":[],"countries":[4674,4709,4756,4813,4831,4862],"product_brand":[],"product_cat":[9947,9992,13101,9511],"product_tag":[],"class_list":{"0":"post-163277","1":"product","2":"type-product","3":"status-publish","4":"has-post-thumbnail","6":"countries-by","7":"countries-cu","8":"countries-ir","9":"countries-kp","10":"countries-ru","11":"countries-sy","12":"product_cat-gebaeude","13":"product_cat-weitere-industrie","14":"product_cat-daemmung","15":"product_cat-kohlenwasserstoffe","16":"pa_packaging-container-930-l-de-76","17":"pa_packaging-fass-217-l-de-30","18":"pa_packaging-fass-30-l-de-26","19":"pa_packaging-flasche-26-l-de-32","20":"pa_packaging-lose-ware-de-168","22":"first","23":"instock","24":"shipping-taxable","25":"purchasable","26":"product-type-variable"},"_links":{"self":[{"href":"https:\/\/climalife.com\/de\/wp-json\/wp\/v2\/product\/163277","targetHints":{"allow":["GET"]}}],"collection":[{"href":"https:\/\/climalife.com\/de\/wp-json\/wp\/v2\/product"}],"about":[{"href":"https:\/\/climalife.com\/de\/wp-json\/wp\/v2\/types\/product"}],"replies":[{"embeddable":true,"href":"https:\/\/climalife.com\/de\/wp-json\/wp\/v2\/comments?post=163277"}],"wp:featuredmedia":[{"embeddable":true,"href":"https:\/\/climalife.com\/de\/wp-json\/wp\/v2\/media\/202564"}],"wp:attachment":[{"href":"https:\/\/climalife.com\/de\/wp-json\/wp\/v2\/media?parent=163277"}],"wp:term":[{"taxonomy":"countries","embeddable":true,"href":"https:\/\/climalife.com\/de\/wp-json\/wp\/v2\/countries?post=163277"},{"taxonomy":"product_brand","embeddable":true,"href":"https:\/\/climalife.com\/de\/wp-json\/wp\/v2\/product_brand?post=163277"},{"taxonomy":"product_cat","embeddable":true,"href":"https:\/\/climalife.com\/de\/wp-json\/wp\/v2\/product_cat?post=163277"},{"taxonomy":"product_tag","embeddable":true,"href":"https:\/\/climalife.com\/de\/wp-json\/wp\/v2\/product_tag?post=163277"}],"curies":[{"name":"wp","href":"https:\/\/api.w.org\/{rel}","templated":true}]}}