{"id":163454,"date":"2022-09-28T18:22:26","date_gmt":"2022-09-28T18:22:26","guid":{"rendered":"http:\/\/climalife.com\/product\/kalibrierungskit-hfo-fkw-co2-nh3\/"},"modified":"2024-12-12T15:19:42","modified_gmt":"2024-12-12T15:19:42","slug":"kalibrierungskit-hfo-fkw-co2-nh3","status":"publish","type":"product","link":"https:\/\/climalife.com\/de\/product\/kalibrierungskit-hfo-fkw-co2-nh3\/","title":{"rendered":"Kalibrierungskit HFO \/ FKW &#8211; CO2 \/ NH3"},"content":{"rendered":"<p>Baueinsatz zur Kontrolle der Empfindlichkeit zur j\u00e4hrlichen \u00dcberpr\u00fcfung der Gaswarnger\u00e4te bzw. zur Regulierung der gew\u00fcnschten Betriebsschwellenwerte.<\/p>\n<p>Inklusive: einem Zylinder mit 110 l Kalibrierungsgas, einem Durchflussregler,Kalibrierungsabsaughaube und einer nicht absorbierenden Schlauchleitung.<\/p>\n<div dir=\"ltr\" data-font-name=\"g_font_p6_51\" data-canvas-width=\"83.13200566291809\">Geben Sie bitte das genaue K\u00e4ltemittel bei der Bestellung an.<\/div>\n<p>&nbsp;<\/p>\n","protected":false},"excerpt":{"rendered":"<p>Baueinsatz zur Kontrolle der Empfindlichkeit zur j\u00e4hrlichen \u00dcberpr\u00fcfung der Gaswarnger\u00e4te&#8230;<\/p>\n","protected":false},"featured_media":121986,"comment_status":"open","ping_status":"closed","template":"","meta":[],"countries":[4674,4709,4756,4760,4804,4813,4831,4862],"product_brand":[],"product_cat":[9956,9270,9947,9965,13092,13126,13057,9938,9983,13110,9992],"product_tag":[],"class_list":{"0":"post-163454","1":"product","2":"type-product","3":"status-publish","4":"has-post-thumbnail","6":"countries-by","7":"countries-cu","8":"countries-ir","9":"countries-it","10":"countries-nl","11":"countries-kp","12":"countries-ru","13":"countries-sy","14":"product_cat-energie","15":"product_cat-gaswarngeraete","16":"product_cat-gebaeude","17":"product_cat-gesundheit-wellness","18":"product_cat-heizung","19":"product_cat-kaeltetechnik","20":"product_cat-klimatechnik","21":"product_cat-lebensmittel","22":"product_cat-luftfahrt-raumfahrt-ruestung","23":"product_cat-orc-organischer-rankin-zyklus","24":"product_cat-weitere-industrie","25":"pa_packaging-einheit-de-25","27":"first","28":"instock","29":"shipping-taxable","30":"purchasable","31":"product-type-variable"},"_links":{"self":[{"href":"https:\/\/climalife.com\/de\/wp-json\/wp\/v2\/product\/163454","targetHints":{"allow":["GET"]}}],"collection":[{"href":"https:\/\/climalife.com\/de\/wp-json\/wp\/v2\/product"}],"about":[{"href":"https:\/\/climalife.com\/de\/wp-json\/wp\/v2\/types\/product"}],"replies":[{"embeddable":true,"href":"https:\/\/climalife.com\/de\/wp-json\/wp\/v2\/comments?post=163454"}],"wp:featuredmedia":[{"embeddable":true,"href":"https:\/\/climalife.com\/de\/wp-json\/wp\/v2\/media\/121986"}],"wp:attachment":[{"href":"https:\/\/climalife.com\/de\/wp-json\/wp\/v2\/media?parent=163454"}],"wp:term":[{"taxonomy":"countries","embeddable":true,"href":"https:\/\/climalife.com\/de\/wp-json\/wp\/v2\/countries?post=163454"},{"taxonomy":"product_brand","embeddable":true,"href":"https:\/\/climalife.com\/de\/wp-json\/wp\/v2\/product_brand?post=163454"},{"taxonomy":"product_cat","embeddable":true,"href":"https:\/\/climalife.com\/de\/wp-json\/wp\/v2\/product_cat?post=163454"},{"taxonomy":"product_tag","embeddable":true,"href":"https:\/\/climalife.com\/de\/wp-json\/wp\/v2\/product_tag?post=163454"}],"curies":[{"name":"wp","href":"https:\/\/api.w.org\/{rel}","templated":true}]}}