{"id":163553,"date":"2022-09-28T18:24:23","date_gmt":"2022-09-28T18:24:23","guid":{"rendered":"http:\/\/climalife.com\/product\/r-227ea\/"},"modified":"2026-04-09T11:40:11","modified_gmt":"2026-04-09T11:40:11","slug":"r-227ea","status":"publish","type":"product","link":"https:\/\/climalife.com\/de\/product\/r-227ea\/","title":{"rendered":"R-227ea"},"content":{"rendered":"<p>Es eignet sich besonders f\u00fcr Klimaanlagen, die bei hohen Umgebungstemperaturen betrieben werden, f\u00fcr Hochtemperatur-W\u00e4rmepumpen und Temperaturf\u00fchler.<\/p>\n","protected":false},"excerpt":{"rendered":"<p>R-227 ist ein Fluorkohlenwasserstoff (H-FKW), der dazu bestimmt ist, den R-114 (FCKW) zu ersetzen, dessen Produktion in der Europ\u00e4ischen Union seit dem 31.12.1994 eingestellt ist.<\/p>\n","protected":false},"featured_media":108594,"comment_status":"open","ping_status":"closed","template":"","meta":[],"countries":[4674,4709,4756,4813,4831,4862],"product_brand":[],"product_cat":[9956,9445,13057,9983,9992],"product_tag":[],"class_list":{"0":"post-163553","1":"product","2":"type-product","3":"status-publish","4":"has-post-thumbnail","6":"countries-by","7":"countries-cu","8":"countries-ir","9":"countries-kp","10":"countries-ru","11":"countries-sy","12":"product_cat-energie","13":"product_cat-h-fkw-de-33","14":"product_cat-klimatechnik","15":"product_cat-luftfahrt-raumfahrt-ruestung","16":"product_cat-weitere-industrie","17":"pa_packaging-cubikool","18":"pa_packaging-flasche-27-l-de-34","19":"pa_packaging-flasche-52-l-de-72","21":"first","22":"instock","23":"shipping-taxable","24":"purchasable","25":"product-type-variable"},"_links":{"self":[{"href":"https:\/\/climalife.com\/de\/wp-json\/wp\/v2\/product\/163553","targetHints":{"allow":["GET"]}}],"collection":[{"href":"https:\/\/climalife.com\/de\/wp-json\/wp\/v2\/product"}],"about":[{"href":"https:\/\/climalife.com\/de\/wp-json\/wp\/v2\/types\/product"}],"replies":[{"embeddable":true,"href":"https:\/\/climalife.com\/de\/wp-json\/wp\/v2\/comments?post=163553"}],"wp:featuredmedia":[{"embeddable":true,"href":"https:\/\/climalife.com\/de\/wp-json\/wp\/v2\/media\/108594"}],"wp:attachment":[{"href":"https:\/\/climalife.com\/de\/wp-json\/wp\/v2\/media?parent=163553"}],"wp:term":[{"taxonomy":"countries","embeddable":true,"href":"https:\/\/climalife.com\/de\/wp-json\/wp\/v2\/countries?post=163553"},{"taxonomy":"product_brand","embeddable":true,"href":"https:\/\/climalife.com\/de\/wp-json\/wp\/v2\/product_brand?post=163553"},{"taxonomy":"product_cat","embeddable":true,"href":"https:\/\/climalife.com\/de\/wp-json\/wp\/v2\/product_cat?post=163553"},{"taxonomy":"product_tag","embeddable":true,"href":"https:\/\/climalife.com\/de\/wp-json\/wp\/v2\/product_tag?post=163553"}],"curies":[{"name":"wp","href":"https:\/\/api.w.org\/{rel}","templated":true}]}}