{"id":163578,"date":"2022-09-28T18:24:47","date_gmt":"2022-09-28T18:24:47","guid":{"rendered":"http:\/\/climalife.com\/product\/novaspray-n-butan-propan-35-bar\/"},"modified":"2025-04-14T14:50:02","modified_gmt":"2025-04-14T14:50:02","slug":"novaspray-n-butan-propan-35-bar","status":"publish","type":"product","link":"https:\/\/climalife.com\/de\/product\/novaspray-n-butan-propan-35-bar\/","title":{"rendered":"NovaSpray\u2122 n-butan\/propan 3,5 bar"},"content":{"rendered":"<p>&#8211; Wirtschaftlich dank seiner geringen Dichte, Sie k\u00f6nnen das Gewicht des genutzten Treibgases verringern.<br \/>\n&#8211; Seine ausgezeichnete Mischbarkeit mit den \u00fcblichen L\u00f6sungsmitteln erm\u00f6glicht eine gro\u00dfe Flexibilit\u00e4t bei der Formulierung.<br \/>\n&#8211; Es hat keinen Einfluss auf die Ozonschicht und nur einen geringen Treibhauseffekt.<\/p>\n","protected":false},"excerpt":{"rendered":"<p>NovaSpray\u2122 n-Butan\/Propan 3,5 Bar ist eine spezielle, desodorisierte Mischung in Aerosol-Qualit\u00e4t von NovaSpray\u2122 n-Butan und NovaSpray \u2122 Propan. Mit seiner konstanten Qualit\u00e4t erf\u00fcllt es alle Anforderungen eines Treibgases.<\/p>\n","protected":false},"featured_media":126369,"comment_status":"open","ping_status":"closed","template":"","meta":[],"countries":[4674,4709,4756,4813,4831,4862],"product_brand":[],"product_cat":[9974,9947,9938,9965,9992,9758,9601],"product_tag":[],"class_list":{"0":"post-163578","1":"product","2":"type-product","3":"status-publish","4":"has-post-thumbnail","6":"countries-by","7":"countries-cu","8":"countries-ir","9":"countries-kp","10":"countries-ru","11":"countries-sy","12":"product_cat-automobil-transport","13":"product_cat-gebaeude","14":"product_cat-lebensmittel","15":"product_cat-gesundheit-wellness","16":"product_cat-weitere-industrie","17":"product_cat-aerosole-de","18":"product_cat-kohlenwasserstoffe-de-83","19":"pa_packaging-container-930-l-de-76","20":"pa_packaging-flasche-88-l-de-122","21":"pa_packaging-lose-ware-20-t-de-141","23":"first","24":"instock","25":"shipping-taxable","26":"purchasable","27":"product-type-variable"},"_links":{"self":[{"href":"https:\/\/climalife.com\/de\/wp-json\/wp\/v2\/product\/163578","targetHints":{"allow":["GET"]}}],"collection":[{"href":"https:\/\/climalife.com\/de\/wp-json\/wp\/v2\/product"}],"about":[{"href":"https:\/\/climalife.com\/de\/wp-json\/wp\/v2\/types\/product"}],"replies":[{"embeddable":true,"href":"https:\/\/climalife.com\/de\/wp-json\/wp\/v2\/comments?post=163578"}],"wp:featuredmedia":[{"embeddable":true,"href":"https:\/\/climalife.com\/de\/wp-json\/wp\/v2\/media\/126369"}],"wp:attachment":[{"href":"https:\/\/climalife.com\/de\/wp-json\/wp\/v2\/media?parent=163578"}],"wp:term":[{"taxonomy":"countries","embeddable":true,"href":"https:\/\/climalife.com\/de\/wp-json\/wp\/v2\/countries?post=163578"},{"taxonomy":"product_brand","embeddable":true,"href":"https:\/\/climalife.com\/de\/wp-json\/wp\/v2\/product_brand?post=163578"},{"taxonomy":"product_cat","embeddable":true,"href":"https:\/\/climalife.com\/de\/wp-json\/wp\/v2\/product_cat?post=163578"},{"taxonomy":"product_tag","embeddable":true,"href":"https:\/\/climalife.com\/de\/wp-json\/wp\/v2\/product_tag?post=163578"}],"curies":[{"name":"wp","href":"https:\/\/api.w.org\/{rel}","templated":true}]}}