{"id":163585,"date":"2022-09-28T18:24:58","date_gmt":"2022-09-28T18:24:58","guid":{"rendered":"http:\/\/climalife.com\/product\/r-437a-freontm-49\/"},"modified":"2025-07-22T12:40:03","modified_gmt":"2025-07-22T12:40:03","slug":"r-437a-freontm-49","status":"publish","type":"product","link":"https:\/\/climalife.com\/de\/product\/r-437a-freontm-49\/","title":{"rendered":"R-437A (Freon\u2122 MO49+)"},"content":{"rendered":"<p>Es wird als &#8220;Drop-in&#8221; in bestehenden Anlagen eingesetzt: Transportk\u00fchlung, K\u00fchlr\u00e4ume, K\u00fchlvitrinen f\u00fcr Superm\u00e4rkte, K\u00fchlschr\u00e4nke f\u00fcr den Haushalt, Kfz Klimaanlagen.<\/p>\n<p>Nicht in Systeme mit Turboverdichter sowie in Kaltwassers\u00e4tzen mit \u00fcberfluteten Verdampfern benutzen.<\/p>\n","protected":false},"excerpt":{"rendered":"<p>R-437A (oder Freon\u2122 MO49+) ist ein &#8220;zeotropisches&#8221; Gemisch vom Typ H-FKW zum Ersatz von R-12 (FCKW), von Mischungen H-FCKW auf R-22 Basis (R-401A, R-409A, \u2026) sowie von R-413A (H-FKW) in der Gewerbliche-, und Industriek\u00e4lte.<\/p>\n","protected":false},"featured_media":108900,"comment_status":"open","ping_status":"closed","template":"","meta":[],"countries":[4674,4709,4756,4813,4831,4862],"product_brand":[],"product_cat":[9974,9938,13126,9445],"product_tag":[],"class_list":{"0":"post-163585","1":"product","2":"type-product","3":"status-publish","4":"has-post-thumbnail","6":"countries-by","7":"countries-cu","8":"countries-ir","9":"countries-kp","10":"countries-ru","11":"countries-sy","12":"product_cat-automobil-transport","13":"product_cat-lebensmittel","14":"product_cat-kaeltetechnik","15":"product_cat-h-fkw-de-33","16":"pa_packaging-cubikool","18":"first","19":"instock","20":"shipping-taxable","21":"purchasable","22":"product-type-variable"},"_links":{"self":[{"href":"https:\/\/climalife.com\/de\/wp-json\/wp\/v2\/product\/163585","targetHints":{"allow":["GET"]}}],"collection":[{"href":"https:\/\/climalife.com\/de\/wp-json\/wp\/v2\/product"}],"about":[{"href":"https:\/\/climalife.com\/de\/wp-json\/wp\/v2\/types\/product"}],"replies":[{"embeddable":true,"href":"https:\/\/climalife.com\/de\/wp-json\/wp\/v2\/comments?post=163585"}],"wp:featuredmedia":[{"embeddable":true,"href":"https:\/\/climalife.com\/de\/wp-json\/wp\/v2\/media\/108900"}],"wp:attachment":[{"href":"https:\/\/climalife.com\/de\/wp-json\/wp\/v2\/media?parent=163585"}],"wp:term":[{"taxonomy":"countries","embeddable":true,"href":"https:\/\/climalife.com\/de\/wp-json\/wp\/v2\/countries?post=163585"},{"taxonomy":"product_brand","embeddable":true,"href":"https:\/\/climalife.com\/de\/wp-json\/wp\/v2\/product_brand?post=163585"},{"taxonomy":"product_cat","embeddable":true,"href":"https:\/\/climalife.com\/de\/wp-json\/wp\/v2\/product_cat?post=163585"},{"taxonomy":"product_tag","embeddable":true,"href":"https:\/\/climalife.com\/de\/wp-json\/wp\/v2\/product_tag?post=163585"}],"curies":[{"name":"wp","href":"https:\/\/api.w.org\/{rel}","templated":true}]}}