{"id":163608,"date":"2022-09-28T18:25:21","date_gmt":"2022-09-28T18:25:21","guid":{"rendered":"http:\/\/climalife.com\/product\/r-438a-freontm-mo99\/"},"modified":"2024-12-20T13:49:47","modified_gmt":"2024-12-20T13:49:47","slug":"r-438a-freontm-mo99","status":"publish","type":"product","link":"https:\/\/climalife.com\/de\/product\/r-438a-freontm-mo99\/","title":{"rendered":"R-438A (Freon\u2122 MO99)"},"content":{"rendered":"<p><span id=\"result_box\" class=\"\" lang=\"de\"><span class=\"hps\">Nicht in<\/span> <span class=\"hps\">Zentrifugal Chiller<\/span> oder in <span class=\"hps\">\u00fcberfluteten<\/span> <span class=\"hps\">Verdampfer<\/span> <span class=\"hps\"> einsetzen<\/span>.<br \/>\n<span class=\"hps\">Mineral<\/span> <span class=\"hps\">(MO)<\/span>, <span class=\"hps\">Alkylbenzol<\/span> <span class=\"hps\">(AB)<\/span> <span class=\"hps\">oder<\/span> <span class=\"hps\">Polyolester<\/span> <span class=\"hps\">(POE) \u00d6le k\u00f6nnen eingesetzt werden<\/span>. <\/span><\/p>\n<p><span id=\"result_box\" class=\"\" lang=\"de\"><span class=\"hps\">Climalife<\/span> <span class=\"hps\">empfiehlt ein POE \u00d6l f\u00fcr<\/span><span class=\"hps\"> alle <\/span><span class=\"hps\">FKW.<\/span> <\/span><\/p>\n","protected":false},"excerpt":{"rendered":"<p>R-438A (Freon\u2122 MO99) ist eine zeotrope Mischung, die als Ersatz f\u00fcr R-22 (H-FCKW) in Wohn- und Gewerbeklimaanwendungen, Chillers sowie f\u00fcr niedrige und mittlere Temperatur K\u00e4lteanlagen mit Direktverdampfung entwickelt wurde.<\/p>\n","protected":false},"featured_media":130428,"comment_status":"open","ping_status":"closed","template":"","meta":[],"countries":[4674,4709,4756,4813,4831,4862],"product_brand":[],"product_cat":[9947,9445,13126,13057,9938],"product_tag":[],"class_list":{"0":"post-163608","1":"product","2":"type-product","3":"status-publish","4":"has-post-thumbnail","6":"countries-by","7":"countries-cu","8":"countries-ir","9":"countries-kp","10":"countries-ru","11":"countries-sy","12":"product_cat-gebaeude","13":"product_cat-h-fkw-de-33","14":"product_cat-kaeltetechnik","15":"product_cat-klimatechnik","16":"product_cat-lebensmittel","17":"pa_packaging-flasche-61-l-de-300","19":"first","20":"instock","21":"shipping-taxable","22":"product-type-variable"},"_links":{"self":[{"href":"https:\/\/climalife.com\/de\/wp-json\/wp\/v2\/product\/163608","targetHints":{"allow":["GET"]}}],"collection":[{"href":"https:\/\/climalife.com\/de\/wp-json\/wp\/v2\/product"}],"about":[{"href":"https:\/\/climalife.com\/de\/wp-json\/wp\/v2\/types\/product"}],"replies":[{"embeddable":true,"href":"https:\/\/climalife.com\/de\/wp-json\/wp\/v2\/comments?post=163608"}],"wp:featuredmedia":[{"embeddable":true,"href":"https:\/\/climalife.com\/de\/wp-json\/wp\/v2\/media\/130428"}],"wp:attachment":[{"href":"https:\/\/climalife.com\/de\/wp-json\/wp\/v2\/media?parent=163608"}],"wp:term":[{"taxonomy":"countries","embeddable":true,"href":"https:\/\/climalife.com\/de\/wp-json\/wp\/v2\/countries?post=163608"},{"taxonomy":"product_brand","embeddable":true,"href":"https:\/\/climalife.com\/de\/wp-json\/wp\/v2\/product_brand?post=163608"},{"taxonomy":"product_cat","embeddable":true,"href":"https:\/\/climalife.com\/de\/wp-json\/wp\/v2\/product_cat?post=163608"},{"taxonomy":"product_tag","embeddable":true,"href":"https:\/\/climalife.com\/de\/wp-json\/wp\/v2\/product_tag?post=163608"}],"curies":[{"name":"wp","href":"https:\/\/api.w.org\/{rel}","templated":true}]}}