{"id":163637,"date":"2022-09-28T18:25:54","date_gmt":"2022-09-28T18:25:54","guid":{"rendered":"http:\/\/climalife.com\/product\/novaspray-propan\/"},"modified":"2025-04-17T09:53:33","modified_gmt":"2025-04-17T09:53:33","slug":"novaspray-propan","status":"publish","type":"product","link":"https:\/\/climalife.com\/de\/product\/novaspray-propan\/","title":{"rendered":"NovaSpray\u2122 propan"},"content":{"rendered":"<p>Wirtschaftlich dank einer geringen Dichte, Sie k\u00f6nnen das Gewicht des genutzten Treibgases verringern.<br \/>\nSeine ausgezeichnete Mischbarkeit mit den meisten L\u00f6sungsmitteln erm\u00f6glicht eine gro\u00dfe Flexibilit\u00e4t bei der Formulierung.<br \/>\nEs hat keinen Einfluss auf die Ozonschicht und nur einen geringen Treibhauseffekt.<\/p>\n","protected":false},"excerpt":{"rendered":"<p>NovaSpray\u2122 Propan ist ein speziell desodorisiertes Propan in Aerosol-Qualit\u00e4t ohne Polypropylen. Mit seiner konstanten Qualit\u00e4t erf\u00fcllt es alle Anforderungen eines Treibgases. Es wird im Allgemeinen verwendet,\u00a0um den Druck der Mischungen mit NovaSpray\u2122\u00a0n-Butan und NOVASPRAY\u2122\u00a0Isobutan zu erh\u00f6hen.<\/p>\n","protected":false},"featured_media":126369,"comment_status":"open","ping_status":"closed","template":"","meta":[],"countries":[4674,4709,4756,4813,4831,4862],"product_brand":[],"product_cat":[9974,9965,9992,9758,9601],"product_tag":[],"class_list":{"0":"post-163637","1":"product","2":"type-product","3":"status-publish","4":"has-post-thumbnail","6":"countries-by","7":"countries-cu","8":"countries-ir","9":"countries-kp","10":"countries-ru","11":"countries-sy","12":"product_cat-automobil-transport","13":"product_cat-gesundheit-wellness","14":"product_cat-weitere-industrie","15":"product_cat-aerosole-de","16":"product_cat-kohlenwasserstoffe-de-83","17":"pa_packaging-container-930-l-de-76","18":"pa_packaging-flasche-26-l-de-32","19":"pa_packaging-flasche-88-l-de-122","20":"pa_packaging-lose-ware-20-t-de-141","22":"first","23":"instock","24":"shipping-taxable","25":"purchasable","26":"product-type-variable"},"_links":{"self":[{"href":"https:\/\/climalife.com\/de\/wp-json\/wp\/v2\/product\/163637","targetHints":{"allow":["GET"]}}],"collection":[{"href":"https:\/\/climalife.com\/de\/wp-json\/wp\/v2\/product"}],"about":[{"href":"https:\/\/climalife.com\/de\/wp-json\/wp\/v2\/types\/product"}],"replies":[{"embeddable":true,"href":"https:\/\/climalife.com\/de\/wp-json\/wp\/v2\/comments?post=163637"}],"wp:featuredmedia":[{"embeddable":true,"href":"https:\/\/climalife.com\/de\/wp-json\/wp\/v2\/media\/126369"}],"wp:attachment":[{"href":"https:\/\/climalife.com\/de\/wp-json\/wp\/v2\/media?parent=163637"}],"wp:term":[{"taxonomy":"countries","embeddable":true,"href":"https:\/\/climalife.com\/de\/wp-json\/wp\/v2\/countries?post=163637"},{"taxonomy":"product_brand","embeddable":true,"href":"https:\/\/climalife.com\/de\/wp-json\/wp\/v2\/product_brand?post=163637"},{"taxonomy":"product_cat","embeddable":true,"href":"https:\/\/climalife.com\/de\/wp-json\/wp\/v2\/product_cat?post=163637"},{"taxonomy":"product_tag","embeddable":true,"href":"https:\/\/climalife.com\/de\/wp-json\/wp\/v2\/product_tag?post=163637"}],"curies":[{"name":"wp","href":"https:\/\/api.w.org\/{rel}","templated":true}]}}