{"id":163646,"date":"2022-09-28T18:26:06","date_gmt":"2022-09-28T18:26:06","guid":{"rendered":"http:\/\/climalife.com\/product\/novaspray-1-buten-propylen-51-49\/"},"modified":"2025-06-16T12:25:59","modified_gmt":"2025-06-16T12:25:59","slug":"novaspray-1-buten-propylen-51-49","status":"publish","type":"product","link":"https:\/\/climalife.com\/de\/product\/novaspray-1-buten-propylen-51-49\/","title":{"rendered":"NovaSpray\u2122 1-buten\/propylen (51\/49)"},"content":{"rendered":"<p>Seine ausgezeichnete Mischbarkeit mit den meisten L\u00f6sungsmitteln erm\u00f6glicht eine gro\u00dfe Flexibilit\u00e4t bei der Formulierung.<br \/>\nEs hat keinen Einfluss auf die Ozonschicht und nur einen geringen Treibhauseffekt.<\/p>\n","protected":false},"excerpt":{"rendered":"<p>NovaSpray\u2122 1-Buten\/Propylen (51\/49) ist eine Mischung aus NovaSpray\u2122 1-Buten und Propylen.<\/p>\n","protected":false},"featured_media":190600,"comment_status":"open","ping_status":"closed","template":"","meta":[],"countries":[4674,4709,4756,4813,4831,4862],"product_brand":[],"product_cat":[9947,9992,9758,9601],"product_tag":[],"class_list":{"0":"post-163646","1":"product","2":"type-product","3":"status-publish","4":"has-post-thumbnail","6":"countries-by","7":"countries-cu","8":"countries-ir","9":"countries-kp","10":"countries-ru","11":"countries-sy","12":"product_cat-gebaeude","13":"product_cat-weitere-industrie","14":"product_cat-aerosole-de","15":"product_cat-kohlenwasserstoffe-de-83","16":"pa_packaging-container-930-l-de-76","17":"pa_packaging-lose-ware-de-168","19":"first","20":"instock","21":"shipping-taxable","22":"purchasable","23":"product-type-variable"},"_links":{"self":[{"href":"https:\/\/climalife.com\/de\/wp-json\/wp\/v2\/product\/163646","targetHints":{"allow":["GET"]}}],"collection":[{"href":"https:\/\/climalife.com\/de\/wp-json\/wp\/v2\/product"}],"about":[{"href":"https:\/\/climalife.com\/de\/wp-json\/wp\/v2\/types\/product"}],"replies":[{"embeddable":true,"href":"https:\/\/climalife.com\/de\/wp-json\/wp\/v2\/comments?post=163646"}],"wp:featuredmedia":[{"embeddable":true,"href":"https:\/\/climalife.com\/de\/wp-json\/wp\/v2\/media\/190600"}],"wp:attachment":[{"href":"https:\/\/climalife.com\/de\/wp-json\/wp\/v2\/media?parent=163646"}],"wp:term":[{"taxonomy":"countries","embeddable":true,"href":"https:\/\/climalife.com\/de\/wp-json\/wp\/v2\/countries?post=163646"},{"taxonomy":"product_brand","embeddable":true,"href":"https:\/\/climalife.com\/de\/wp-json\/wp\/v2\/product_brand?post=163646"},{"taxonomy":"product_cat","embeddable":true,"href":"https:\/\/climalife.com\/de\/wp-json\/wp\/v2\/product_cat?post=163646"},{"taxonomy":"product_tag","embeddable":true,"href":"https:\/\/climalife.com\/de\/wp-json\/wp\/v2\/product_tag?post=163646"}],"curies":[{"name":"wp","href":"https:\/\/api.w.org\/{rel}","templated":true}]}}