{"id":163697,"date":"2022-09-28T18:27:04","date_gmt":"2022-09-28T18:27:04","guid":{"rendered":"http:\/\/climalife.com\/product\/bitzer-bvc-32\/"},"modified":"2025-01-06T09:56:49","modified_gmt":"2025-01-06T09:56:49","slug":"bitzer-bvc-32","status":"publish","type":"product","link":"https:\/\/climalife.com\/de\/product\/bitzer-bvc-32\/","title":{"rendered":"Bitzer BVC 32"},"content":{"rendered":"<p>Geeignet f\u00fcr Klimaanlagen, W\u00e4rmepumpen und Prozessk\u00e4lte Anwendungen, in denen HFKW als K\u00e4ltemittel verwendet wird.<\/p>\n","protected":false},"excerpt":{"rendered":"<p>Bitzer BVC 32 ist ein Polyvinylether\u00f6l (PVE).<\/p>\n","protected":false},"featured_media":109269,"comment_status":"open","ping_status":"closed","template":"","meta":[],"countries":[4674,4709,4756,4813,4831,4862],"product_brand":[],"product_cat":[9947,13092,13057,13465,9992],"product_tag":[],"class_list":{"0":"post-163697","1":"product","2":"type-product","3":"status-publish","4":"has-post-thumbnail","6":"countries-by","7":"countries-cu","8":"countries-ir","9":"countries-kp","10":"countries-ru","11":"countries-sy","12":"product_cat-gebaeude","13":"product_cat-heizung","14":"product_cat-klimatechnik","15":"product_cat-pve-de","16":"product_cat-weitere-industrie","17":"pa_packaging-5-l-kanister-de-35","18":"pa_packaging-kanister-1-l-de-63","20":"first","21":"instock","22":"shipping-taxable","23":"purchasable","24":"product-type-variable"},"_links":{"self":[{"href":"https:\/\/climalife.com\/de\/wp-json\/wp\/v2\/product\/163697","targetHints":{"allow":["GET"]}}],"collection":[{"href":"https:\/\/climalife.com\/de\/wp-json\/wp\/v2\/product"}],"about":[{"href":"https:\/\/climalife.com\/de\/wp-json\/wp\/v2\/types\/product"}],"replies":[{"embeddable":true,"href":"https:\/\/climalife.com\/de\/wp-json\/wp\/v2\/comments?post=163697"}],"wp:featuredmedia":[{"embeddable":true,"href":"https:\/\/climalife.com\/de\/wp-json\/wp\/v2\/media\/109269"}],"wp:attachment":[{"href":"https:\/\/climalife.com\/de\/wp-json\/wp\/v2\/media?parent=163697"}],"wp:term":[{"taxonomy":"countries","embeddable":true,"href":"https:\/\/climalife.com\/de\/wp-json\/wp\/v2\/countries?post=163697"},{"taxonomy":"product_brand","embeddable":true,"href":"https:\/\/climalife.com\/de\/wp-json\/wp\/v2\/product_brand?post=163697"},{"taxonomy":"product_cat","embeddable":true,"href":"https:\/\/climalife.com\/de\/wp-json\/wp\/v2\/product_cat?post=163697"},{"taxonomy":"product_tag","embeddable":true,"href":"https:\/\/climalife.com\/de\/wp-json\/wp\/v2\/product_tag?post=163697"}],"curies":[{"name":"wp","href":"https:\/\/api.w.org\/{rel}","templated":true}]}}