{"id":163752,"date":"2022-09-28T18:28:07","date_gmt":"2022-09-28T18:28:07","guid":{"rendered":"http:\/\/climalife.com\/product\/total-lunaria-sh-46\/"},"modified":"2025-07-22T12:36:07","modified_gmt":"2025-07-22T12:36:07","slug":"total-lunaria-sh-46","status":"publish","type":"product","link":"https:\/\/climalife.com\/de\/product\/total-lunaria-sh-46\/","title":{"rendered":"Total Lunaria SH 46"},"content":{"rendered":"","protected":false},"excerpt":{"rendered":"<p>K\u00e4ltemaschinen\u00f6le f\u00fcr NH<sub>3<\/sub> Verdichter<\/p>\n","protected":false},"featured_media":117882,"comment_status":"open","ping_status":"closed","template":"","meta":[],"countries":[4674,4709,4756,4813,4831,4862],"product_brand":[],"product_cat":[9983,9938,9965,9992,13092,13126,13456],"product_tag":[],"class_list":{"0":"post-163752","1":"product","2":"type-product","3":"status-publish","4":"has-post-thumbnail","6":"countries-by","7":"countries-cu","8":"countries-ir","9":"countries-kp","10":"countries-ru","11":"countries-sy","12":"product_cat-luftfahrt-raumfahrt-ruestung","13":"product_cat-lebensmittel","14":"product_cat-gesundheit-wellness","15":"product_cat-weitere-industrie","16":"product_cat-heizung","17":"product_cat-kaeltetechnik","18":"product_cat-pao-de","19":"pa_packaging-kanister-20-l-de-36","20":"pa_packaging-fass-208-l-de-49","22":"first","23":"instock","24":"shipping-taxable","25":"purchasable","26":"product-type-variable"},"_links":{"self":[{"href":"https:\/\/climalife.com\/de\/wp-json\/wp\/v2\/product\/163752","targetHints":{"allow":["GET"]}}],"collection":[{"href":"https:\/\/climalife.com\/de\/wp-json\/wp\/v2\/product"}],"about":[{"href":"https:\/\/climalife.com\/de\/wp-json\/wp\/v2\/types\/product"}],"replies":[{"embeddable":true,"href":"https:\/\/climalife.com\/de\/wp-json\/wp\/v2\/comments?post=163752"}],"wp:featuredmedia":[{"embeddable":true,"href":"https:\/\/climalife.com\/de\/wp-json\/wp\/v2\/media\/117882"}],"wp:attachment":[{"href":"https:\/\/climalife.com\/de\/wp-json\/wp\/v2\/media?parent=163752"}],"wp:term":[{"taxonomy":"countries","embeddable":true,"href":"https:\/\/climalife.com\/de\/wp-json\/wp\/v2\/countries?post=163752"},{"taxonomy":"product_brand","embeddable":true,"href":"https:\/\/climalife.com\/de\/wp-json\/wp\/v2\/product_brand?post=163752"},{"taxonomy":"product_cat","embeddable":true,"href":"https:\/\/climalife.com\/de\/wp-json\/wp\/v2\/product_cat?post=163752"},{"taxonomy":"product_tag","embeddable":true,"href":"https:\/\/climalife.com\/de\/wp-json\/wp\/v2\/product_tag?post=163752"}],"curies":[{"name":"wp","href":"https:\/\/api.w.org\/{rel}","templated":true}]}}