{"id":163802,"date":"2022-09-28T18:29:06","date_gmt":"2022-09-28T18:29:06","guid":{"rendered":"http:\/\/climalife.com\/product\/bitzer-b-150-sh-und-b-320-sh\/"},"modified":"2024-01-25T13:50:18","modified_gmt":"2024-01-25T13:50:18","slug":"bitzer-b-150-sh-und-b-320-sh","status":"publish","type":"product","link":"https:\/\/climalife.com\/de\/product\/bitzer-b-150-sh-und-b-320-sh\/","title":{"rendered":"Bitzer B 150 SH und B 320 SH"},"content":{"rendered":"","protected":false},"excerpt":{"rendered":"<p>Synthetisches K\u00e4ltemaschinen\u00f6l (POE) f\u00fcr Bitzer Kompressoren.<\/p>\n","protected":false},"featured_media":107496,"comment_status":"open","ping_status":"closed","template":"","meta":[],"countries":[4674,4709,4756,4813,4831,4862],"product_brand":[],"product_cat":[9947,9965,13092,13126,13057,9938,13420,9992],"product_tag":[],"class_list":{"0":"post-163802","1":"product","2":"type-product","3":"status-publish","4":"has-post-thumbnail","6":"countries-by","7":"countries-cu","8":"countries-ir","9":"countries-kp","10":"countries-ru","11":"countries-sy","12":"product_cat-gebaeude","13":"product_cat-gesundheit-wellness","14":"product_cat-heizung","15":"product_cat-kaeltetechnik","16":"product_cat-klimatechnik","17":"product_cat-lebensmittel","18":"product_cat-poe-de","19":"product_cat-weitere-industrie","20":"pa_packaging-kanister-20-l-de-36","21":"pa_packaging-5-l-kanister-de-35","23":"first","24":"instock","25":"shipping-taxable","26":"purchasable","27":"product-type-variable"},"_links":{"self":[{"href":"https:\/\/climalife.com\/de\/wp-json\/wp\/v2\/product\/163802","targetHints":{"allow":["GET"]}}],"collection":[{"href":"https:\/\/climalife.com\/de\/wp-json\/wp\/v2\/product"}],"about":[{"href":"https:\/\/climalife.com\/de\/wp-json\/wp\/v2\/types\/product"}],"replies":[{"embeddable":true,"href":"https:\/\/climalife.com\/de\/wp-json\/wp\/v2\/comments?post=163802"}],"wp:featuredmedia":[{"embeddable":true,"href":"https:\/\/climalife.com\/de\/wp-json\/wp\/v2\/media\/107496"}],"wp:attachment":[{"href":"https:\/\/climalife.com\/de\/wp-json\/wp\/v2\/media?parent=163802"}],"wp:term":[{"taxonomy":"countries","embeddable":true,"href":"https:\/\/climalife.com\/de\/wp-json\/wp\/v2\/countries?post=163802"},{"taxonomy":"product_brand","embeddable":true,"href":"https:\/\/climalife.com\/de\/wp-json\/wp\/v2\/product_brand?post=163802"},{"taxonomy":"product_cat","embeddable":true,"href":"https:\/\/climalife.com\/de\/wp-json\/wp\/v2\/product_cat?post=163802"},{"taxonomy":"product_tag","embeddable":true,"href":"https:\/\/climalife.com\/de\/wp-json\/wp\/v2\/product_tag?post=163802"}],"curies":[{"name":"wp","href":"https:\/\/api.w.org\/{rel}","templated":true}]}}