{"id":163814,"date":"2022-09-28T18:29:18","date_gmt":"2022-09-28T18:29:18","guid":{"rendered":"http:\/\/climalife.com\/product\/mobil-zerice-s\/"},"modified":"2025-07-29T08:10:20","modified_gmt":"2025-07-29T08:10:20","slug":"mobil-zerice-s","status":"publish","type":"product","link":"https:\/\/climalife.com\/de\/product\/mobil-zerice-s\/","title":{"rendered":"Mobil Zerice S Serie"},"content":{"rendered":"<p>Mobil Zerice S sind synthetische K\u00e4lteverdichter\u00f6le h\u00f6chster Qualit\u00e4t Sie sind mit Alkylbenzolen formuliert, die aufgrund ihrer chemischen Beschaffenheit mit K\u00e4ltemitteln auf der Basis von Fluorchlorkohlenwasserstoffen, wie z.B. R-502, R-12 und R-22, hervorragend mischbar sind.<br \/>\nMobil Zerice S k\u00f6nnen deshalb f\u00fcr \u00e4u\u00dferst tiefe Verdampfungstemperaturen bis\u201360\u00b0C eingesetzt werden.<\/p>\n","protected":false},"excerpt":{"rendered":"<p>\u00d6le f\u00fcr K\u00e4ltekompressoren (AB)<\/p>\n","protected":false},"featured_media":108369,"comment_status":"open","ping_status":"closed","template":"","meta":[],"countries":[4674,4709,4756,4813,4831,4862],"product_brand":[],"product_cat":[9983,9974,9947,9956,9938,9965,9992,13057,13092,13126,13429],"product_tag":[],"class_list":{"0":"post-163814","1":"product","2":"type-product","3":"status-publish","4":"has-post-thumbnail","6":"countries-by","7":"countries-cu","8":"countries-ir","9":"countries-kp","10":"countries-ru","11":"countries-sy","12":"product_cat-luftfahrt-raumfahrt-ruestung","13":"product_cat-automobil-transport","14":"product_cat-gebaeude","15":"product_cat-energie","16":"product_cat-lebensmittel","17":"product_cat-gesundheit-wellness","18":"product_cat-weitere-industrie","19":"product_cat-klimatechnik","20":"product_cat-heizung","21":"product_cat-kaeltetechnik","22":"product_cat-ab-de","23":"pa_packaging-kanister-20-l-de-36","24":"pa_packaging-fass-208-l-de-49","26":"first","27":"instock","28":"shipping-taxable","29":"purchasable","30":"product-type-variable"},"_links":{"self":[{"href":"https:\/\/climalife.com\/de\/wp-json\/wp\/v2\/product\/163814","targetHints":{"allow":["GET"]}}],"collection":[{"href":"https:\/\/climalife.com\/de\/wp-json\/wp\/v2\/product"}],"about":[{"href":"https:\/\/climalife.com\/de\/wp-json\/wp\/v2\/types\/product"}],"replies":[{"embeddable":true,"href":"https:\/\/climalife.com\/de\/wp-json\/wp\/v2\/comments?post=163814"}],"wp:featuredmedia":[{"embeddable":true,"href":"https:\/\/climalife.com\/de\/wp-json\/wp\/v2\/media\/108369"}],"wp:attachment":[{"href":"https:\/\/climalife.com\/de\/wp-json\/wp\/v2\/media?parent=163814"}],"wp:term":[{"taxonomy":"countries","embeddable":true,"href":"https:\/\/climalife.com\/de\/wp-json\/wp\/v2\/countries?post=163814"},{"taxonomy":"product_brand","embeddable":true,"href":"https:\/\/climalife.com\/de\/wp-json\/wp\/v2\/product_brand?post=163814"},{"taxonomy":"product_cat","embeddable":true,"href":"https:\/\/climalife.com\/de\/wp-json\/wp\/v2\/product_cat?post=163814"},{"taxonomy":"product_tag","embeddable":true,"href":"https:\/\/climalife.com\/de\/wp-json\/wp\/v2\/product_tag?post=163814"}],"curies":[{"name":"wp","href":"https:\/\/api.w.org\/{rel}","templated":true}]}}