{"id":163826,"date":"2022-09-28T18:29:31","date_gmt":"2022-09-28T18:29:31","guid":{"rendered":"http:\/\/climalife.com\/product\/mobil-arctic-shc-nh-68\/"},"modified":"2025-10-17T07:25:19","modified_gmt":"2025-10-17T07:25:19","slug":"mobil-arctic-shc-nh-68","status":"publish","type":"product","link":"https:\/\/climalife.com\/de\/product\/mobil-arctic-shc-nh-68\/","title":{"rendered":"Mobil Arctic SHC NH 68"},"content":{"rendered":"<p>Selbst unter den widrigsten Betriebsbedingungen sch\u00fctzt Mobil Gargoyle Arctic SHC NH 68 vor Schlamm- und Ablagerungsbildung und verhindert oder minimiert somit das Verstopfen von Ventilen oder Filtern.<\/p>\n","protected":false},"excerpt":{"rendered":"<p>Mobil Gargoyle Arctic SHC NH 68 ist ein vollsynthetisches Schmiermittel, das speziell f\u00fcr die Schmierung von K\u00e4ltekompressoren in Hochleistungsanlagen entwickelt wurde, die Ammoniak (NH3) als K\u00e4ltemittel verwenden. Mobil Gargoyle Arctic SHC NH 68 besteht aus wachsfreien, synthetischen Kohlenwasserstoffen, Polyalphaolefinen (PAO) und synthetischen Alkylbenzol-Grund\u00f6len, die sich durch eine hervorragende Best\u00e4ndigkeit gegen thermische\/oxidative Zersetzung auszeichnen.<\/p>\n","protected":false},"featured_media":121914,"comment_status":"open","ping_status":"closed","template":"","meta":[],"countries":[4674,4709,4756,4813,4831,4862],"product_brand":[],"product_cat":[9983,9938,9965,9992,13092,13126,13429],"product_tag":[],"class_list":{"0":"post-163826","1":"product","2":"type-product","3":"status-publish","4":"has-post-thumbnail","6":"countries-by","7":"countries-cu","8":"countries-ir","9":"countries-kp","10":"countries-ru","11":"countries-sy","12":"product_cat-luftfahrt-raumfahrt-ruestung","13":"product_cat-lebensmittel","14":"product_cat-gesundheit-wellness","15":"product_cat-weitere-industrie","16":"product_cat-heizung","17":"product_cat-kaeltetechnik","18":"product_cat-ab-de","19":"pa_packaging-kanister-20-l-de-36","21":"first","22":"instock","23":"shipping-taxable","24":"purchasable","25":"product-type-variable"},"_links":{"self":[{"href":"https:\/\/climalife.com\/de\/wp-json\/wp\/v2\/product\/163826","targetHints":{"allow":["GET"]}}],"collection":[{"href":"https:\/\/climalife.com\/de\/wp-json\/wp\/v2\/product"}],"about":[{"href":"https:\/\/climalife.com\/de\/wp-json\/wp\/v2\/types\/product"}],"replies":[{"embeddable":true,"href":"https:\/\/climalife.com\/de\/wp-json\/wp\/v2\/comments?post=163826"}],"wp:featuredmedia":[{"embeddable":true,"href":"https:\/\/climalife.com\/de\/wp-json\/wp\/v2\/media\/121914"}],"wp:attachment":[{"href":"https:\/\/climalife.com\/de\/wp-json\/wp\/v2\/media?parent=163826"}],"wp:term":[{"taxonomy":"countries","embeddable":true,"href":"https:\/\/climalife.com\/de\/wp-json\/wp\/v2\/countries?post=163826"},{"taxonomy":"product_brand","embeddable":true,"href":"https:\/\/climalife.com\/de\/wp-json\/wp\/v2\/product_brand?post=163826"},{"taxonomy":"product_cat","embeddable":true,"href":"https:\/\/climalife.com\/de\/wp-json\/wp\/v2\/product_cat?post=163826"},{"taxonomy":"product_tag","embeddable":true,"href":"https:\/\/climalife.com\/de\/wp-json\/wp\/v2\/product_tag?post=163826"}],"curies":[{"name":"wp","href":"https:\/\/api.w.org\/{rel}","templated":true}]}}