{"id":163881,"date":"2022-09-28T18:30:33","date_gmt":"2022-09-28T18:30:33","guid":{"rendered":"http:\/\/climalife.com\/product\/novaspray-1-buten-propylen-85-15\/"},"modified":"2025-06-16T14:45:52","modified_gmt":"2025-06-16T14:45:52","slug":"novaspray-1-buten-propylen-85-15","status":"publish","type":"product","link":"https:\/\/climalife.com\/de\/product\/novaspray-1-buten-propylen-85-15\/","title":{"rendered":"NovaSpray\u2122 1-buten\/propylen (85\/15)"},"content":{"rendered":"<p>Seine ausgezeichnete Mischbarkeit mit den meisten L\u00f6sungsmitteln erm\u00f6glicht eine gro\u00dfe Flexibilit\u00e4t bei der Formulierung.<br \/>\nEs hat keinen Einfluss auf die Ozonschicht und nur einen geringen Treibhauseffekt.<\/p>\n","protected":false},"excerpt":{"rendered":"<p>NovaSprayTM 1-Buten\/Propylen (85\/15) ist eine Mischung aus NovaSprayTM 1-Buten und Propylen.<\/p>\n","protected":false},"featured_media":126369,"comment_status":"open","ping_status":"closed","template":"","meta":[],"countries":[4674,4709,4756,4813,4831,4862],"product_brand":[],"product_cat":[9758,9947,9601,9992],"product_tag":[],"class_list":{"0":"post-163881","1":"product","2":"type-product","3":"status-publish","4":"has-post-thumbnail","6":"countries-by","7":"countries-cu","8":"countries-ir","9":"countries-kp","10":"countries-ru","11":"countries-sy","12":"product_cat-aerosole-de","13":"product_cat-gebaeude","14":"product_cat-kohlenwasserstoffe-de-83","15":"product_cat-weitere-industrie","16":"pa_packaging-container-930-l-de-76","17":"pa_packaging-fass-217-l-de-30","19":"first","20":"instock","21":"shipping-taxable","22":"purchasable","23":"product-type-variable"},"_links":{"self":[{"href":"https:\/\/climalife.com\/de\/wp-json\/wp\/v2\/product\/163881","targetHints":{"allow":["GET"]}}],"collection":[{"href":"https:\/\/climalife.com\/de\/wp-json\/wp\/v2\/product"}],"about":[{"href":"https:\/\/climalife.com\/de\/wp-json\/wp\/v2\/types\/product"}],"replies":[{"embeddable":true,"href":"https:\/\/climalife.com\/de\/wp-json\/wp\/v2\/comments?post=163881"}],"wp:featuredmedia":[{"embeddable":true,"href":"https:\/\/climalife.com\/de\/wp-json\/wp\/v2\/media\/126369"}],"wp:attachment":[{"href":"https:\/\/climalife.com\/de\/wp-json\/wp\/v2\/media?parent=163881"}],"wp:term":[{"taxonomy":"countries","embeddable":true,"href":"https:\/\/climalife.com\/de\/wp-json\/wp\/v2\/countries?post=163881"},{"taxonomy":"product_brand","embeddable":true,"href":"https:\/\/climalife.com\/de\/wp-json\/wp\/v2\/product_brand?post=163881"},{"taxonomy":"product_cat","embeddable":true,"href":"https:\/\/climalife.com\/de\/wp-json\/wp\/v2\/product_cat?post=163881"},{"taxonomy":"product_tag","embeddable":true,"href":"https:\/\/climalife.com\/de\/wp-json\/wp\/v2\/product_tag?post=163881"}],"curies":[{"name":"wp","href":"https:\/\/api.w.org\/{rel}","templated":true}]}}