{"id":163908,"date":"2022-09-28T18:31:11","date_gmt":"2022-09-28T18:31:11","guid":{"rendered":"http:\/\/climalife.com\/product\/aufbereitung-von-h-fckw-h-fkw\/"},"modified":"2026-01-29T13:46:15","modified_gmt":"2026-01-29T13:46:15","slug":"aufbereitung-von-h-fckw-h-fkw","status":"publish","type":"product","link":"https:\/\/climalife.com\/de\/product\/aufbereitung-von-h-fckw-h-fkw\/","title":{"rendered":"Aufbereitung von K\u00e4ltemittel H-FCKW \/ H-FKW"},"content":{"rendered":"<p>Nach der Aufbereitung wird das Produkt umverpackt und dem Kunden zur Verf\u00fcgung gestellt oder in unseren Werken gelagert (Lagerungsvertrag). Die besonderen Vertragsbedingungen befinden sich im Angebot.Die Aufarbeitung der wiedergewonnenem H-FCKW und H-FKW richtet sich nach den Ergebnissen der Zusammensetzungsanalyse der Kundenprobe.<\/p>\n","protected":false},"excerpt":{"rendered":"<p>Regeneration der wiedergewonnenen K\u00e4ltemittel: auf Anfrage Aufarbeitung des wiedergewonnenen Produkts bei Mengen \u00fcber 300 kg), um eine Leistungsf\u00e4higkeit zu gew\u00e4hrleisten, die einem ungebrauchten Mittel entspricht.<\/p>\n","protected":false},"featured_media":201356,"comment_status":"open","ping_status":"closed","template":"","meta":[],"countries":[4674,4709,4756,4813,4831,4862],"product_brand":[],"product_cat":[9947,9956,9938,9992,13057,13074,13092,13110,13126,13567],"product_tag":[],"class_list":{"0":"post-163908","1":"product","2":"type-product","3":"status-publish","4":"has-post-thumbnail","6":"countries-by","7":"countries-cu","8":"countries-ir","9":"countries-kp","10":"countries-ru","11":"countries-sy","12":"product_cat-gebaeude","13":"product_cat-energie","14":"product_cat-lebensmittel","15":"product_cat-weitere-industrie","16":"product_cat-klimatechnik","17":"product_cat-abbau-zersetzung","18":"product_cat-heizung","19":"product_cat-orc-organischer-rankin-zyklus","20":"product_cat-kaeltetechnik","21":"product_cat-ruckgewinnung-aufbereitung","23":"first","24":"instock","25":"shipping-taxable","26":"purchasable","27":"product-type-simple"},"_links":{"self":[{"href":"https:\/\/climalife.com\/de\/wp-json\/wp\/v2\/product\/163908","targetHints":{"allow":["GET"]}}],"collection":[{"href":"https:\/\/climalife.com\/de\/wp-json\/wp\/v2\/product"}],"about":[{"href":"https:\/\/climalife.com\/de\/wp-json\/wp\/v2\/types\/product"}],"replies":[{"embeddable":true,"href":"https:\/\/climalife.com\/de\/wp-json\/wp\/v2\/comments?post=163908"}],"wp:featuredmedia":[{"embeddable":true,"href":"https:\/\/climalife.com\/de\/wp-json\/wp\/v2\/media\/201356"}],"wp:attachment":[{"href":"https:\/\/climalife.com\/de\/wp-json\/wp\/v2\/media?parent=163908"}],"wp:term":[{"taxonomy":"countries","embeddable":true,"href":"https:\/\/climalife.com\/de\/wp-json\/wp\/v2\/countries?post=163908"},{"taxonomy":"product_brand","embeddable":true,"href":"https:\/\/climalife.com\/de\/wp-json\/wp\/v2\/product_brand?post=163908"},{"taxonomy":"product_cat","embeddable":true,"href":"https:\/\/climalife.com\/de\/wp-json\/wp\/v2\/product_cat?post=163908"},{"taxonomy":"product_tag","embeddable":true,"href":"https:\/\/climalife.com\/de\/wp-json\/wp\/v2\/product_tag?post=163908"}],"curies":[{"name":"wp","href":"https:\/\/api.w.org\/{rel}","templated":true}]}}