{"id":180183,"date":"2022-10-05T00:20:08","date_gmt":"2022-10-05T00:20:08","guid":{"rendered":"http:\/\/climalife.com\/product\/pgm-ir-und-pgm-ir-co2\/"},"modified":"2024-12-06T16:43:15","modified_gmt":"2024-12-06T16:43:15","slug":"pgm-ir-und-pgm-ir-co2","status":"publish","type":"product","link":"https:\/\/climalife.com\/de\/product\/pgm-ir-und-pgm-ir-co2\/","title":{"rendered":"PGM-IR und PGM-IR CO2"},"content":{"rendered":"<p>Er zeigt in Echtzeit den ppm-Wert des zu detektierenden K\u00e4ltemittels an.<br \/>\nDer PGM-IR-Detektor verf\u00fcgt \u00fcber eine integrierte Bibliothek mit mehr als 50 K\u00e4ltemitteln, die es ihm erm\u00f6glicht, selbst kleinste Lecks an der Quelle pr\u00e4zise zu erkennen.<\/p>\n<p>Der PGR-IR CO<sub>2<\/sub> ist f\u00fcr den Nachweis von Kohlendioxid bestimmt.<\/p>\n","protected":false},"excerpt":{"rendered":"<p>Das tragbare Lecksuchger\u00e4t PGM-IR \/ PGM-IR CO<sub>2<\/sub> der Marke Bacharach bietet hervorragende Leistung und Funktionalit\u00e4t f\u00fcr die tragbare Lecksuche bei niedrigen ppm-Werten von K\u00e4ltemitteln, CO<sub>2<\/sub>, Stickoxid oder Schwefelhexafluorid.<\/p>\n","protected":false},"featured_media":132795,"comment_status":"open","ping_status":"closed","template":"","meta":[],"countries":[4674,4709,4756,4813,4831,4862],"product_brand":[],"product_cat":[9947,9938,9378],"product_tag":[],"class_list":{"0":"post-180183","1":"product","2":"type-product","3":"status-publish","4":"has-post-thumbnail","6":"countries-by","7":"countries-cu","8":"countries-ir","9":"countries-kp","10":"countries-ru","11":"countries-sy","12":"product_cat-gebaeude","13":"product_cat-lebensmittel","14":"product_cat-mobile-lecksuche","16":"first","17":"instock","18":"shipping-taxable","19":"purchasable","20":"product-type-variable","21":"has-default-attributes"},"_links":{"self":[{"href":"https:\/\/climalife.com\/de\/wp-json\/wp\/v2\/product\/180183","targetHints":{"allow":["GET"]}}],"collection":[{"href":"https:\/\/climalife.com\/de\/wp-json\/wp\/v2\/product"}],"about":[{"href":"https:\/\/climalife.com\/de\/wp-json\/wp\/v2\/types\/product"}],"replies":[{"embeddable":true,"href":"https:\/\/climalife.com\/de\/wp-json\/wp\/v2\/comments?post=180183"}],"wp:featuredmedia":[{"embeddable":true,"href":"https:\/\/climalife.com\/de\/wp-json\/wp\/v2\/media\/132795"}],"wp:attachment":[{"href":"https:\/\/climalife.com\/de\/wp-json\/wp\/v2\/media?parent=180183"}],"wp:term":[{"taxonomy":"countries","embeddable":true,"href":"https:\/\/climalife.com\/de\/wp-json\/wp\/v2\/countries?post=180183"},{"taxonomy":"product_brand","embeddable":true,"href":"https:\/\/climalife.com\/de\/wp-json\/wp\/v2\/product_brand?post=180183"},{"taxonomy":"product_cat","embeddable":true,"href":"https:\/\/climalife.com\/de\/wp-json\/wp\/v2\/product_cat?post=180183"},{"taxonomy":"product_tag","embeddable":true,"href":"https:\/\/climalife.com\/de\/wp-json\/wp\/v2\/product_tag?post=180183"}],"curies":[{"name":"wp","href":"https:\/\/api.w.org\/{rel}","templated":true}]}}