{"id":180200,"date":"2022-10-05T00:22:00","date_gmt":"2022-10-05T00:22:00","guid":{"rendered":"http:\/\/climalife.com\/?post_type=product&#038;p=180200"},"modified":"2026-01-29T13:46:15","modified_gmt":"2026-01-29T13:46:15","slug":"sapre-hrd-92sc","status":"publish","type":"product","link":"https:\/\/climalife.com\/de\/product\/sapre-hrd-92sc\/","title":{"rendered":"SAPRE HRD 92SC"},"content":{"rendered":"<p>Der HRD 92SC der Marke SAPRE sp\u00fcrt alle K\u00e4ltemittel vom Typ HFO, HFC, HC sowie R-600a, R-290, NH3 und das Gemisch H<sub>2<\/sub>\/N<sub>2<\/sub> auf. Dieser hochempfindliche Detektor (1g\/Jahr) meldet das Auftreten eines Lecks durch einen akustischen und visuellen Alarm. Der HRD 92SC mit automatischer Kalibrierung ist funktional und einfach zu bedienen und wird in einem Schutzkoffer mit wiederaufladbaren Batterien und einem Netzladeger\u00e4t geliefert.<\/p>\n","protected":false},"excerpt":{"rendered":"<p>K\u00e4ltemittel-Lecksuchger\u00e4t f\u00fcr den industriellen Einsatz.<\/p>\n","protected":false},"featured_media":180044,"comment_status":"open","ping_status":"closed","template":"","meta":[],"countries":[4674,4685,4709,4756,4813,4831,4862],"product_brand":[],"product_cat":[9378],"product_tag":[],"class_list":{"0":"post-180200","1":"product","2":"type-product","3":"status-publish","4":"has-post-thumbnail","6":"countries-by","7":"countries-io","8":"countries-cu","9":"countries-ir","10":"countries-kp","11":"countries-ru","12":"countries-sy","13":"product_cat-mobile-lecksuche","14":"pa_packaging-einheit-de-25","16":"first","17":"instock","18":"shipping-taxable","19":"purchasable","20":"product-type-simple"},"_links":{"self":[{"href":"https:\/\/climalife.com\/de\/wp-json\/wp\/v2\/product\/180200","targetHints":{"allow":["GET"]}}],"collection":[{"href":"https:\/\/climalife.com\/de\/wp-json\/wp\/v2\/product"}],"about":[{"href":"https:\/\/climalife.com\/de\/wp-json\/wp\/v2\/types\/product"}],"replies":[{"embeddable":true,"href":"https:\/\/climalife.com\/de\/wp-json\/wp\/v2\/comments?post=180200"}],"wp:featuredmedia":[{"embeddable":true,"href":"https:\/\/climalife.com\/de\/wp-json\/wp\/v2\/media\/180044"}],"wp:attachment":[{"href":"https:\/\/climalife.com\/de\/wp-json\/wp\/v2\/media?parent=180200"}],"wp:term":[{"taxonomy":"countries","embeddable":true,"href":"https:\/\/climalife.com\/de\/wp-json\/wp\/v2\/countries?post=180200"},{"taxonomy":"product_brand","embeddable":true,"href":"https:\/\/climalife.com\/de\/wp-json\/wp\/v2\/product_brand?post=180200"},{"taxonomy":"product_cat","embeddable":true,"href":"https:\/\/climalife.com\/de\/wp-json\/wp\/v2\/product_cat?post=180200"},{"taxonomy":"product_tag","embeddable":true,"href":"https:\/\/climalife.com\/de\/wp-json\/wp\/v2\/product_tag?post=180200"}],"curies":[{"name":"wp","href":"https:\/\/api.w.org\/{rel}","templated":true}]}}