{"id":180205,"date":"2022-09-28T17:47:31","date_gmt":"2022-09-28T17:47:31","guid":{"rendered":"http:\/\/climalife.com\/product\/r-1270-propylen\/"},"modified":"2024-01-25T13:53:23","modified_gmt":"2024-01-25T13:53:23","slug":"r-1270-propylen","status":"publish","type":"product","link":"https:\/\/climalife.com\/de\/product\/r-1270-propylen\/","title":{"rendered":"R-1270 (Propylen)"},"content":{"rendered":"<p>R-1270 wird mit einem f\u00fcr die Maschine geeigneten \u00d6l (Mineral\u00f6l, Polyalphaolefin, Polyalkylenglykol usw.) verwendet, wobei die Viskosit\u00e4t des gew\u00e4hlten \u00d6ls je nach Anwendung und Mischbarkeit \u00fcberpr\u00fcft werden muss.<\/p>\n","protected":false},"excerpt":{"rendered":"<p>R-1270 (Propylen) ist ein als A3 (hochentz\u00fcndlich) eingestufter Kohlenwasserstoff f\u00fcr industrielle K\u00e4lteanwendungen.<\/p>\n","protected":false},"featured_media":131886,"comment_status":"open","ping_status":"closed","template":"","meta":[],"countries":[4674,4709,4756,4813,4831,4862],"product_brand":[],"product_cat":[9938,9992,13126,9777],"product_tag":[],"class_list":{"0":"post-180205","1":"product","2":"type-product","3":"status-publish","4":"has-post-thumbnail","6":"countries-by","7":"countries-cu","8":"countries-ir","9":"countries-kp","10":"countries-ru","11":"countries-sy","12":"product_cat-lebensmittel","13":"product_cat-weitere-industrie","14":"product_cat-kaeltetechnik","15":"product_cat-kohlenwasserstoffe-de-31","16":"pa_packaging-12-l-en-132","17":"pa_packaging-container-930-l-de-76","18":"pa_packaging-fut-112-l-en-350","19":"pa_packaging-fut-148-l-en-349","21":"first","22":"instock","23":"shipping-taxable","24":"purchasable","25":"product-type-variable"},"_links":{"self":[{"href":"https:\/\/climalife.com\/de\/wp-json\/wp\/v2\/product\/180205","targetHints":{"allow":["GET"]}}],"collection":[{"href":"https:\/\/climalife.com\/de\/wp-json\/wp\/v2\/product"}],"about":[{"href":"https:\/\/climalife.com\/de\/wp-json\/wp\/v2\/types\/product"}],"replies":[{"embeddable":true,"href":"https:\/\/climalife.com\/de\/wp-json\/wp\/v2\/comments?post=180205"}],"wp:featuredmedia":[{"embeddable":true,"href":"https:\/\/climalife.com\/de\/wp-json\/wp\/v2\/media\/131886"}],"wp:attachment":[{"href":"https:\/\/climalife.com\/de\/wp-json\/wp\/v2\/media?parent=180205"}],"wp:term":[{"taxonomy":"countries","embeddable":true,"href":"https:\/\/climalife.com\/de\/wp-json\/wp\/v2\/countries?post=180205"},{"taxonomy":"product_brand","embeddable":true,"href":"https:\/\/climalife.com\/de\/wp-json\/wp\/v2\/product_brand?post=180205"},{"taxonomy":"product_cat","embeddable":true,"href":"https:\/\/climalife.com\/de\/wp-json\/wp\/v2\/product_cat?post=180205"},{"taxonomy":"product_tag","embeddable":true,"href":"https:\/\/climalife.com\/de\/wp-json\/wp\/v2\/product_tag?post=180205"}],"curies":[{"name":"wp","href":"https:\/\/api.w.org\/{rel}","templated":true}]}}